{"id":117,"date":"2024-01-26T16:39:33","date_gmt":"2024-01-26T19:39:33","guid":{"rendered":"https:\/\/agenciacnw.com.br\/site7\/?post_type=product&#038;p=117"},"modified":"2024-02-29T12:11:07","modified_gmt":"2024-02-29T15:11:07","slug":"seeds","status":"publish","type":"product","link":"https:\/\/campoagroto.com.br\/index.php\/produto\/seeds\/","title":{"rendered":"Sementes diversas"},"content":{"rendered":"<p>A t\u00e9cnica de suplementa\u00e7\u00e3o de sementes atrav\u00e9s da utiliza\u00e7\u00e3o do SEEDS complementa as reservas nutricionais para que a futura planta disponha de nutrientes de forma adequada para a express\u00e3o de seu m\u00e1ximo vigor e o estabelecimento de plantas de alto desempenho produtivo.<\/p>\n","protected":false},"excerpt":{"rendered":"<p>A t\u00e9cnica de suplementa\u00e7\u00e3o de sementes atrav\u00e9s da utiliza\u00e7\u00e3o do SEEDS complementa as reservas nutricionais para que a futura planta disponha de nutrientes de forma adequada para a express\u00e3o de seu m\u00e1ximo vigor e o estabelecimento de plantas de alto desempenho produtivo.<\/p>\n","protected":false},"featured_media":118,"comment_status":"open","ping_status":"closed","template":"","meta":[],"product_brand":[],"product_cat":[30],"product_tag":[],"class_list":{"0":"post-117","1":"product","2":"type-product","3":"status-publish","4":"has-post-thumbnail","6":"product_cat-loja-02","8":"first","9":"instock","10":"shipping-taxable","11":"product-type-simple"},"_links":{"self":[{"href":"https:\/\/campoagroto.com.br\/index.php\/wp-json\/wp\/v2\/product\/117","targetHints":{"allow":["GET"]}}],"collection":[{"href":"https:\/\/campoagroto.com.br\/index.php\/wp-json\/wp\/v2\/product"}],"about":[{"href":"https:\/\/campoagroto.com.br\/index.php\/wp-json\/wp\/v2\/types\/product"}],"replies":[{"embeddable":true,"href":"https:\/\/campoagroto.com.br\/index.php\/wp-json\/wp\/v2\/comments?post=117"}],"wp:featuredmedia":[{"embeddable":true,"href":"https:\/\/campoagroto.com.br\/index.php\/wp-json\/wp\/v2\/media\/118"}],"wp:attachment":[{"href":"https:\/\/campoagroto.com.br\/index.php\/wp-json\/wp\/v2\/media?parent=117"}],"wp:term":[{"taxonomy":"product_brand","embeddable":true,"href":"https:\/\/campoagroto.com.br\/index.php\/wp-json\/wp\/v2\/product_brand?post=117"},{"taxonomy":"product_cat","embeddable":true,"href":"https:\/\/campoagroto.com.br\/index.php\/wp-json\/wp\/v2\/product_cat?post=117"},{"taxonomy":"product_tag","embeddable":true,"href":"https:\/\/campoagroto.com.br\/index.php\/wp-json\/wp\/v2\/product_tag?post=117"}],"curies":[{"name":"wp","href":"https:\/\/api.w.org\/{rel}","templated":true}]}}