{"id":531,"date":"2024-02-26T17:19:58","date_gmt":"2024-02-26T20:19:58","guid":{"rendered":"https:\/\/agenciacnw.com.br\/site7\/?post_type=product&#038;p=531"},"modified":"2024-02-29T12:13:15","modified_gmt":"2024-02-29T15:13:15","slug":"comedouro-bebedouro","status":"publish","type":"product","link":"https:\/\/campoagroto.com.br\/index.php\/produto\/comedouro-bebedouro\/","title":{"rendered":"Comedouro e Bebedouro"},"content":{"rendered":"<p>A combina\u00e7\u00e3o de um comedouro e um bebedouro no ambiente de cria\u00e7\u00e3o de animais garante uma solu\u00e7\u00e3o integral para suas necessidades nutricionais e h\u00eddricas. Essa jun\u00e7\u00e3o eficiente facilita o acesso dos animais \u00e0 alimenta\u00e7\u00e3o e \u00e1gua, promovendo um ambiente prop\u00edcio para seu bem-estar e desempenho saud\u00e1vel.<\/p>\n","protected":false},"excerpt":{"rendered":"<p>A combina\u00e7\u00e3o de um comedouro e um bebedouro no ambiente de cria\u00e7\u00e3o de animais garante uma solu\u00e7\u00e3o integral para suas necessidades nutricionais e h\u00eddricas. Essa jun\u00e7\u00e3o eficiente facilita o acesso dos animais \u00e0 alimenta\u00e7\u00e3o e \u00e1gua, promovendo um ambiente prop\u00edcio para seu bem-estar e desempenho saud\u00e1vel.<\/p>\n","protected":false},"featured_media":532,"comment_status":"open","ping_status":"closed","template":"","meta":[],"product_brand":[],"product_cat":[30],"product_tag":[],"class_list":{"0":"post-531","1":"product","2":"type-product","3":"status-publish","4":"has-post-thumbnail","6":"product_cat-loja-02","8":"first","9":"instock","10":"shipping-taxable","11":"product-type-simple"},"_links":{"self":[{"href":"https:\/\/campoagroto.com.br\/index.php\/wp-json\/wp\/v2\/product\/531","targetHints":{"allow":["GET"]}}],"collection":[{"href":"https:\/\/campoagroto.com.br\/index.php\/wp-json\/wp\/v2\/product"}],"about":[{"href":"https:\/\/campoagroto.com.br\/index.php\/wp-json\/wp\/v2\/types\/product"}],"replies":[{"embeddable":true,"href":"https:\/\/campoagroto.com.br\/index.php\/wp-json\/wp\/v2\/comments?post=531"}],"wp:featuredmedia":[{"embeddable":true,"href":"https:\/\/campoagroto.com.br\/index.php\/wp-json\/wp\/v2\/media\/532"}],"wp:attachment":[{"href":"https:\/\/campoagroto.com.br\/index.php\/wp-json\/wp\/v2\/media?parent=531"}],"wp:term":[{"taxonomy":"product_brand","embeddable":true,"href":"https:\/\/campoagroto.com.br\/index.php\/wp-json\/wp\/v2\/product_brand?post=531"},{"taxonomy":"product_cat","embeddable":true,"href":"https:\/\/campoagroto.com.br\/index.php\/wp-json\/wp\/v2\/product_cat?post=531"},{"taxonomy":"product_tag","embeddable":true,"href":"https:\/\/campoagroto.com.br\/index.php\/wp-json\/wp\/v2\/product_tag?post=531"}],"curies":[{"name":"wp","href":"https:\/\/api.w.org\/{rel}","templated":true}]}}