{"id":551,"date":"2024-02-26T18:01:26","date_gmt":"2024-02-26T21:01:26","guid":{"rendered":"https:\/\/agenciacnw.com.br\/site7\/?post_type=product&#038;p=551"},"modified":"2024-02-29T12:14:20","modified_gmt":"2024-02-29T15:14:20","slug":"pulverizador-manual-jacto","status":"publish","type":"product","link":"https:\/\/campoagroto.com.br\/index.php\/produto\/pulverizador-manual-jacto\/","title":{"rendered":"Pulverizador Manual &#8211; Jacto"},"content":{"rendered":"<p>O pulverizador manual Jacto \u00e9 um equipamento utilizado na agricultura e jardinagem para a aplica\u00e7\u00e3o de l\u00edquidos, como pesticidas, herbicidas, fertilizantes e outros produtos. A Jacto \u00e9 uma empresa conhecida por fabricar equipamentos agr\u00edcolas, incluindo pulverizadores manuais.<\/p>\n","protected":false},"excerpt":{"rendered":"<p>O pulverizador manual Jacto \u00e9 um equipamento utilizado na agricultura e jardinagem para a aplica\u00e7\u00e3o de l\u00edquidos, como pesticidas, herbicidas, fertilizantes e outros produtos. A Jacto \u00e9 uma empresa conhecida por fabricar equipamentos agr\u00edcolas, incluindo pulverizadores manuais.<\/p>\n","protected":false},"featured_media":552,"comment_status":"open","ping_status":"closed","template":"","meta":[],"product_brand":[],"product_cat":[30],"product_tag":[],"class_list":{"0":"post-551","1":"product","2":"type-product","3":"status-publish","4":"has-post-thumbnail","6":"product_cat-loja-02","8":"first","9":"instock","10":"shipping-taxable","11":"product-type-simple"},"_links":{"self":[{"href":"https:\/\/campoagroto.com.br\/index.php\/wp-json\/wp\/v2\/product\/551","targetHints":{"allow":["GET"]}}],"collection":[{"href":"https:\/\/campoagroto.com.br\/index.php\/wp-json\/wp\/v2\/product"}],"about":[{"href":"https:\/\/campoagroto.com.br\/index.php\/wp-json\/wp\/v2\/types\/product"}],"replies":[{"embeddable":true,"href":"https:\/\/campoagroto.com.br\/index.php\/wp-json\/wp\/v2\/comments?post=551"}],"wp:featuredmedia":[{"embeddable":true,"href":"https:\/\/campoagroto.com.br\/index.php\/wp-json\/wp\/v2\/media\/552"}],"wp:attachment":[{"href":"https:\/\/campoagroto.com.br\/index.php\/wp-json\/wp\/v2\/media?parent=551"}],"wp:term":[{"taxonomy":"product_brand","embeddable":true,"href":"https:\/\/campoagroto.com.br\/index.php\/wp-json\/wp\/v2\/product_brand?post=551"},{"taxonomy":"product_cat","embeddable":true,"href":"https:\/\/campoagroto.com.br\/index.php\/wp-json\/wp\/v2\/product_cat?post=551"},{"taxonomy":"product_tag","embeddable":true,"href":"https:\/\/campoagroto.com.br\/index.php\/wp-json\/wp\/v2\/product_tag?post=551"}],"curies":[{"name":"wp","href":"https:\/\/api.w.org\/{rel}","templated":true}]}}