{"id":556,"date":"2024-02-26T18:08:11","date_gmt":"2024-02-26T21:08:11","guid":{"rendered":"https:\/\/agenciacnw.com.br\/site7\/?post_type=product&#038;p=556"},"modified":"2024-02-29T12:14:32","modified_gmt":"2024-02-29T15:14:32","slug":"itens-p-carros","status":"publish","type":"product","link":"https:\/\/campoagroto.com.br\/index.php\/produto\/itens-p-carros\/","title":{"rendered":"Itens P\/ Carros"},"content":{"rendered":"<p>Itens para carros podem variar significativamente, dependendo das necessidades espec\u00edficas e prefer\u00eancias do propriet\u00e1rio. No entanto, aqui est\u00e3o alguns itens comuns e \u00fateis que muitas pessoas consideram para seus ve\u00edculos<\/p>\n","protected":false},"excerpt":{"rendered":"<p>Itens para carros podem variar significativamente, dependendo das necessidades espec\u00edficas e prefer\u00eancias do propriet\u00e1rio. No entanto, aqui est\u00e3o alguns itens comuns e \u00fateis que muitas pessoas consideram para seus ve\u00edculos<\/p>\n","protected":false},"featured_media":557,"comment_status":"open","ping_status":"closed","template":"","meta":[],"product_brand":[],"product_cat":[30],"product_tag":[],"class_list":{"0":"post-556","1":"product","2":"type-product","3":"status-publish","4":"has-post-thumbnail","6":"product_cat-loja-02","8":"first","9":"instock","10":"shipping-taxable","11":"product-type-simple"},"_links":{"self":[{"href":"https:\/\/campoagroto.com.br\/index.php\/wp-json\/wp\/v2\/product\/556","targetHints":{"allow":["GET"]}}],"collection":[{"href":"https:\/\/campoagroto.com.br\/index.php\/wp-json\/wp\/v2\/product"}],"about":[{"href":"https:\/\/campoagroto.com.br\/index.php\/wp-json\/wp\/v2\/types\/product"}],"replies":[{"embeddable":true,"href":"https:\/\/campoagroto.com.br\/index.php\/wp-json\/wp\/v2\/comments?post=556"}],"wp:featuredmedia":[{"embeddable":true,"href":"https:\/\/campoagroto.com.br\/index.php\/wp-json\/wp\/v2\/media\/557"}],"wp:attachment":[{"href":"https:\/\/campoagroto.com.br\/index.php\/wp-json\/wp\/v2\/media?parent=556"}],"wp:term":[{"taxonomy":"product_brand","embeddable":true,"href":"https:\/\/campoagroto.com.br\/index.php\/wp-json\/wp\/v2\/product_brand?post=556"},{"taxonomy":"product_cat","embeddable":true,"href":"https:\/\/campoagroto.com.br\/index.php\/wp-json\/wp\/v2\/product_cat?post=556"},{"taxonomy":"product_tag","embeddable":true,"href":"https:\/\/campoagroto.com.br\/index.php\/wp-json\/wp\/v2\/product_tag?post=556"}],"curies":[{"name":"wp","href":"https:\/\/api.w.org\/{rel}","templated":true}]}}