{"id":562,"date":"2024-02-26T18:15:09","date_gmt":"2024-02-26T21:15:09","guid":{"rendered":"https:\/\/agenciacnw.com.br\/site7\/?post_type=product&#038;p=562"},"modified":"2024-02-29T12:14:44","modified_gmt":"2024-02-29T15:14:44","slug":"milho-em-grao","status":"publish","type":"product","link":"https:\/\/campoagroto.com.br\/index.php\/produto\/milho-em-grao\/","title":{"rendered":"Milho em Gr\u00e3o"},"content":{"rendered":"<p>O milho em gr\u00e3o refere-se aos gr\u00e3os colhidos da planta de milho, tamb\u00e9m conhecida como Zea mays. Esses gr\u00e3os s\u00e3o uma importante fonte de alimento em muitas partes do mundo e s\u00e3o utilizados de v\u00e1rias formas.<\/p>\n","protected":false},"excerpt":{"rendered":"<p>O milho em gr\u00e3o refere-se aos gr\u00e3os colhidos da planta de milho, tamb\u00e9m conhecida como Zea mays. Esses gr\u00e3os s\u00e3o uma importante fonte de alimento em muitas partes do mundo e s\u00e3o utilizados de v\u00e1rias formas.<\/p>\n","protected":false},"featured_media":564,"comment_status":"open","ping_status":"closed","template":"","meta":[],"product_brand":[],"product_cat":[30],"product_tag":[],"class_list":{"0":"post-562","1":"product","2":"type-product","3":"status-publish","4":"has-post-thumbnail","6":"product_cat-loja-02","8":"first","9":"instock","10":"shipping-taxable","11":"product-type-simple"},"_links":{"self":[{"href":"https:\/\/campoagroto.com.br\/index.php\/wp-json\/wp\/v2\/product\/562","targetHints":{"allow":["GET"]}}],"collection":[{"href":"https:\/\/campoagroto.com.br\/index.php\/wp-json\/wp\/v2\/product"}],"about":[{"href":"https:\/\/campoagroto.com.br\/index.php\/wp-json\/wp\/v2\/types\/product"}],"replies":[{"embeddable":true,"href":"https:\/\/campoagroto.com.br\/index.php\/wp-json\/wp\/v2\/comments?post=562"}],"wp:featuredmedia":[{"embeddable":true,"href":"https:\/\/campoagroto.com.br\/index.php\/wp-json\/wp\/v2\/media\/564"}],"wp:attachment":[{"href":"https:\/\/campoagroto.com.br\/index.php\/wp-json\/wp\/v2\/media?parent=562"}],"wp:term":[{"taxonomy":"product_brand","embeddable":true,"href":"https:\/\/campoagroto.com.br\/index.php\/wp-json\/wp\/v2\/product_brand?post=562"},{"taxonomy":"product_cat","embeddable":true,"href":"https:\/\/campoagroto.com.br\/index.php\/wp-json\/wp\/v2\/product_cat?post=562"},{"taxonomy":"product_tag","embeddable":true,"href":"https:\/\/campoagroto.com.br\/index.php\/wp-json\/wp\/v2\/product_tag?post=562"}],"curies":[{"name":"wp","href":"https:\/\/api.w.org\/{rel}","templated":true}]}}