{"id":573,"date":"2024-02-26T18:29:20","date_gmt":"2024-02-26T21:29:20","guid":{"rendered":"https:\/\/agenciacnw.com.br\/site7\/?post_type=product&#038;p=573"},"modified":"2024-02-29T12:15:05","modified_gmt":"2024-02-29T15:15:05","slug":"adubo-fertilizantes","status":"publish","type":"product","link":"https:\/\/campoagroto.com.br\/index.php\/produto\/adubo-fertilizantes\/","title":{"rendered":"Adubo Fertilizantes"},"content":{"rendered":"<p><u>Adubo e fertilizante s\u00e3o termos frequentemente utilizados na agricultura para descrever subst\u00e2ncias que s\u00e3o adicionadas ao solo ou \u00e0s plantas para melhorar o seu crescimento e desenvolvimento.<\/u><strong><u><\/p>\n<p>FORMULAS <\/u><\/strong><\/p>\n<p>04.14.08<\/p>\n<p>05.25.15<\/p>\n<p>20.00.20<\/p>\n<p>00.18.00<\/p>\n<p>00.25.00<\/p>\n","protected":false},"excerpt":{"rendered":"<p>Adubo e fertilizante s\u00e3o termos frequentemente utilizados na agricultura para descrever subst\u00e2ncias que s\u00e3o adicionadas ao solo ou \u00e0s plantas para melhorar o seu crescimento e desenvolvimento. FORMULAS 04.14.08 05.25.15 20.00.20 00.18.00 00.25.00<\/p>\n","protected":false},"featured_media":574,"comment_status":"open","ping_status":"closed","template":"","meta":[],"product_brand":[],"product_cat":[30],"product_tag":[],"class_list":{"0":"post-573","1":"product","2":"type-product","3":"status-publish","4":"has-post-thumbnail","6":"product_cat-loja-02","8":"first","9":"instock","10":"shipping-taxable","11":"product-type-simple"},"_links":{"self":[{"href":"https:\/\/campoagroto.com.br\/index.php\/wp-json\/wp\/v2\/product\/573","targetHints":{"allow":["GET"]}}],"collection":[{"href":"https:\/\/campoagroto.com.br\/index.php\/wp-json\/wp\/v2\/product"}],"about":[{"href":"https:\/\/campoagroto.com.br\/index.php\/wp-json\/wp\/v2\/types\/product"}],"replies":[{"embeddable":true,"href":"https:\/\/campoagroto.com.br\/index.php\/wp-json\/wp\/v2\/comments?post=573"}],"wp:featuredmedia":[{"embeddable":true,"href":"https:\/\/campoagroto.com.br\/index.php\/wp-json\/wp\/v2\/media\/574"}],"wp:attachment":[{"href":"https:\/\/campoagroto.com.br\/index.php\/wp-json\/wp\/v2\/media?parent=573"}],"wp:term":[{"taxonomy":"product_brand","embeddable":true,"href":"https:\/\/campoagroto.com.br\/index.php\/wp-json\/wp\/v2\/product_brand?post=573"},{"taxonomy":"product_cat","embeddable":true,"href":"https:\/\/campoagroto.com.br\/index.php\/wp-json\/wp\/v2\/product_cat?post=573"},{"taxonomy":"product_tag","embeddable":true,"href":"https:\/\/campoagroto.com.br\/index.php\/wp-json\/wp\/v2\/product_tag?post=573"}],"curies":[{"name":"wp","href":"https:\/\/api.w.org\/{rel}","templated":true}]}}