{"id":577,"date":"2024-02-26T18:33:13","date_gmt":"2024-02-26T21:33:13","guid":{"rendered":"https:\/\/agenciacnw.com.br\/site7\/?post_type=product&#038;p=577"},"modified":"2024-02-29T12:15:13","modified_gmt":"2024-02-29T15:15:13","slug":"ureia","status":"publish","type":"product","link":"https:\/\/campoagroto.com.br\/index.php\/produto\/ureia\/","title":{"rendered":"Ureia"},"content":{"rendered":"<p>A ureia \u00e9 um composto qu\u00edmico org\u00e2nico de nitrog\u00eanio, carbono, oxig\u00eanio e hidrog\u00eanio, com a f\u00f3rmula qu\u00edmica CO(NH2)2. Ela \u00e9 produzida pelo organismo de animais vertebrados como um subproduto do metabolismo de prote\u00ednas e \u00e9 excretada na urina.<\/p>\n<p>Na agricultura e na ind\u00fastria, a ureia \u00e9 amplamente utilizada como fonte de nitrog\u00eanio para as plantas.<\/p>\n","protected":false},"excerpt":{"rendered":"<p>A ureia \u00e9 um composto qu\u00edmico org\u00e2nico de nitrog\u00eanio, carbono, oxig\u00eanio e hidrog\u00eanio, com a f\u00f3rmula qu\u00edmica CO(NH2)2. Ela \u00e9 produzida pelo organismo de animais vertebrados como um subproduto do metabolismo de prote\u00ednas e \u00e9 excretada na urina. Na agricultura e na ind\u00fastria, a ureia \u00e9 amplamente utilizada como fonte de nitrog\u00eanio para as plantas.<\/p>\n","protected":false},"featured_media":578,"comment_status":"open","ping_status":"closed","template":"","meta":[],"product_brand":[],"product_cat":[30],"product_tag":[],"class_list":{"0":"post-577","1":"product","2":"type-product","3":"status-publish","4":"has-post-thumbnail","6":"product_cat-loja-02","8":"first","9":"instock","10":"shipping-taxable","11":"product-type-simple"},"_links":{"self":[{"href":"https:\/\/campoagroto.com.br\/index.php\/wp-json\/wp\/v2\/product\/577","targetHints":{"allow":["GET"]}}],"collection":[{"href":"https:\/\/campoagroto.com.br\/index.php\/wp-json\/wp\/v2\/product"}],"about":[{"href":"https:\/\/campoagroto.com.br\/index.php\/wp-json\/wp\/v2\/types\/product"}],"replies":[{"embeddable":true,"href":"https:\/\/campoagroto.com.br\/index.php\/wp-json\/wp\/v2\/comments?post=577"}],"wp:featuredmedia":[{"embeddable":true,"href":"https:\/\/campoagroto.com.br\/index.php\/wp-json\/wp\/v2\/media\/578"}],"wp:attachment":[{"href":"https:\/\/campoagroto.com.br\/index.php\/wp-json\/wp\/v2\/media?parent=577"}],"wp:term":[{"taxonomy":"product_brand","embeddable":true,"href":"https:\/\/campoagroto.com.br\/index.php\/wp-json\/wp\/v2\/product_brand?post=577"},{"taxonomy":"product_cat","embeddable":true,"href":"https:\/\/campoagroto.com.br\/index.php\/wp-json\/wp\/v2\/product_cat?post=577"},{"taxonomy":"product_tag","embeddable":true,"href":"https:\/\/campoagroto.com.br\/index.php\/wp-json\/wp\/v2\/product_tag?post=577"}],"curies":[{"name":"wp","href":"https:\/\/api.w.org\/{rel}","templated":true}]}}