{"id":581,"date":"2024-02-26T20:56:48","date_gmt":"2024-02-26T23:56:48","guid":{"rendered":"https:\/\/agenciacnw.com.br\/site7\/?post_type=product&#038;p=581"},"modified":"2024-02-29T12:15:25","modified_gmt":"2024-02-29T15:15:25","slug":"acessorios-para-sitios-chacaras-etc","status":"publish","type":"product","link":"https:\/\/campoagroto.com.br\/index.php\/produto\/acessorios-para-sitios-chacaras-etc\/","title":{"rendered":"acess\u00f3rios para s\u00edtios, ch\u00e1caras, etc"},"content":{"rendered":"<p>Existem diversos acess\u00f3rios \u00fateis para s\u00edtios, ch\u00e1caras e propriedades rurais, ajudando na manuten\u00e7\u00e3o, comodidade e efici\u00eancia das atividades<\/p>\n","protected":false},"excerpt":{"rendered":"<p>Existem diversos acess\u00f3rios \u00fateis para s\u00edtios, ch\u00e1caras e propriedades rurais, ajudando na manuten\u00e7\u00e3o, comodidade e efici\u00eancia das atividades<\/p>\n","protected":false},"featured_media":582,"comment_status":"open","ping_status":"closed","template":"","meta":[],"product_brand":[],"product_cat":[30],"product_tag":[],"class_list":{"0":"post-581","1":"product","2":"type-product","3":"status-publish","4":"has-post-thumbnail","6":"product_cat-loja-02","8":"first","9":"instock","10":"shipping-taxable","11":"product-type-simple"},"_links":{"self":[{"href":"https:\/\/campoagroto.com.br\/index.php\/wp-json\/wp\/v2\/product\/581","targetHints":{"allow":["GET"]}}],"collection":[{"href":"https:\/\/campoagroto.com.br\/index.php\/wp-json\/wp\/v2\/product"}],"about":[{"href":"https:\/\/campoagroto.com.br\/index.php\/wp-json\/wp\/v2\/types\/product"}],"replies":[{"embeddable":true,"href":"https:\/\/campoagroto.com.br\/index.php\/wp-json\/wp\/v2\/comments?post=581"}],"wp:featuredmedia":[{"embeddable":true,"href":"https:\/\/campoagroto.com.br\/index.php\/wp-json\/wp\/v2\/media\/582"}],"wp:attachment":[{"href":"https:\/\/campoagroto.com.br\/index.php\/wp-json\/wp\/v2\/media?parent=581"}],"wp:term":[{"taxonomy":"product_brand","embeddable":true,"href":"https:\/\/campoagroto.com.br\/index.php\/wp-json\/wp\/v2\/product_brand?post=581"},{"taxonomy":"product_cat","embeddable":true,"href":"https:\/\/campoagroto.com.br\/index.php\/wp-json\/wp\/v2\/product_cat?post=581"},{"taxonomy":"product_tag","embeddable":true,"href":"https:\/\/campoagroto.com.br\/index.php\/wp-json\/wp\/v2\/product_tag?post=581"}],"curies":[{"name":"wp","href":"https:\/\/api.w.org\/{rel}","templated":true}]}}