{"id":619,"date":"2024-02-28T21:24:03","date_gmt":"2024-02-29T00:24:03","guid":{"rendered":"https:\/\/agenciacnw.com.br\/site7\/?post_type=product&#038;p=619"},"modified":"2024-02-29T12:01:33","modified_gmt":"2024-02-29T15:01:33","slug":"dekalb-dkb-235-pro-3","status":"publish","type":"product","link":"https:\/\/campoagroto.com.br\/index.php\/produto\/dekalb-dkb-235-pro-3\/","title":{"rendered":"DEKALB -DKB 235 PRO 3"},"content":{"rendered":"<div class=\"Overview_title-container__JVpyb\">\n<div class=\"mdc-typography lmnt mdc-typography--body1 Overview_description__b1O4q false\">A COMBINA\u00c7\u00c3O DE CICLO R\u00c1PIDO E PRECOCIDADE<\/div>\n<\/div>\n<div class=\"Overview_text-grid__C0Pbe Overview_text-frame-without-gallery__pqdgX\">\n<div class=\"Scrollable_farmer-exp-scrollable___Txi8\">\n<div class=\"MuiGrid-root MuiGrid-container MuiGrid-spacing-xs-3 css-1h77wgb\">\n<div class=\"MuiGrid-root MuiGrid-item css-1wxaqej\" data-testid=\"imagecard-test\"><\/div>\n<\/div>\n<\/div>\n<\/div>\n","protected":false},"excerpt":{"rendered":"<p>A COMBINA\u00c7\u00c3O DE CICLO R\u00c1PIDO E PRECOCIDADE<\/p>\n","protected":false},"featured_media":620,"comment_status":"open","ping_status":"closed","template":"","meta":[],"product_brand":[],"product_cat":[28],"product_tag":[],"class_list":{"0":"post-619","1":"product","2":"type-product","3":"status-publish","4":"has-post-thumbnail","6":"product_cat-dekalb","8":"first","9":"instock","10":"shipping-taxable","11":"product-type-simple"},"_links":{"self":[{"href":"https:\/\/campoagroto.com.br\/index.php\/wp-json\/wp\/v2\/product\/619","targetHints":{"allow":["GET"]}}],"collection":[{"href":"https:\/\/campoagroto.com.br\/index.php\/wp-json\/wp\/v2\/product"}],"about":[{"href":"https:\/\/campoagroto.com.br\/index.php\/wp-json\/wp\/v2\/types\/product"}],"replies":[{"embeddable":true,"href":"https:\/\/campoagroto.com.br\/index.php\/wp-json\/wp\/v2\/comments?post=619"}],"wp:featuredmedia":[{"embeddable":true,"href":"https:\/\/campoagroto.com.br\/index.php\/wp-json\/wp\/v2\/media\/620"}],"wp:attachment":[{"href":"https:\/\/campoagroto.com.br\/index.php\/wp-json\/wp\/v2\/media?parent=619"}],"wp:term":[{"taxonomy":"product_brand","embeddable":true,"href":"https:\/\/campoagroto.com.br\/index.php\/wp-json\/wp\/v2\/product_brand?post=619"},{"taxonomy":"product_cat","embeddable":true,"href":"https:\/\/campoagroto.com.br\/index.php\/wp-json\/wp\/v2\/product_cat?post=619"},{"taxonomy":"product_tag","embeddable":true,"href":"https:\/\/campoagroto.com.br\/index.php\/wp-json\/wp\/v2\/product_tag?post=619"}],"curies":[{"name":"wp","href":"https:\/\/api.w.org\/{rel}","templated":true}]}}