{"id":626,"date":"2024-02-29T12:26:06","date_gmt":"2024-02-29T15:26:06","guid":{"rendered":"https:\/\/agenciacnw.com.br\/site7\/?post_type=product&#038;p=626"},"modified":"2024-02-29T12:26:06","modified_gmt":"2024-02-29T15:26:06","slug":"fulland","status":"publish","type":"product","link":"https:\/\/campoagroto.com.br\/index.php\/produto\/fulland\/","title":{"rendered":"Fulland"},"content":{"rendered":"<h3>Detalhe do Produto<\/h3>\n<p>Resultante de uma complexa\u00e7\u00e3o qu\u00edmica, o Fulland \u00e9 um fertilizante desenvolvido com nutrientes que estimulam a produ\u00e7\u00e3o de subst\u00e2ncias de autodefesa das plantas, sendo indicado para v\u00e1rias fases de desenvolvimento da planta.<img decoding=\"async\" src=\"https:\/\/www.dropbox.com\/s\/zsqpq2rh7j5uuht\/AF_Satis-SELO_Patente_01.png?dl=0\" alt=\"\" \/><\/p>\n<ul>\n<li>Promove o fortalecimento fisiol\u00f3gico natural da planta;<\/li>\n<li>Melhora o aproveitamento dos nutrientes;<\/li>\n<li>Ativa os mecanismos de autodefesa;<\/li>\n<li>Promove a r\u00e1pida recupera\u00e7\u00e3o da planta.<\/li>\n<\/ul>\n<div class=\"row\">\n<div class=\"sm-12 md-6\">\n<h3>Garantia (P\/P)<\/h3>\n<ul class=\"warranty\">\n<li>Cobre (Cu): 3,5%<\/li>\n<\/ul>\n<\/div>\n<div class=\"sm-12 md-6\">\n<h3>Densidade<\/h3>\n<p>1.33 g\/ml<br \/>\nRegistro no MAPA<\/p>\n<p>MG 001650-0.000003<\/p>\n<\/div>\n<\/div>\n","protected":false},"excerpt":{"rendered":"<p>Detalhe do Produto Resultante de uma complexa\u00e7\u00e3o qu\u00edmica, o Fulland \u00e9 um fertilizante desenvolvido com nutrientes que estimulam a produ\u00e7\u00e3o de subst\u00e2ncias de autodefesa das plantas, sendo indicado para v\u00e1rias fases de desenvolvimento da planta. Promove o fortalecimento fisiol\u00f3gico natural da planta; Melhora o aproveitamento dos nutrientes; Ativa os mecanismos de autodefesa; Promove a r\u00e1pida [&hellip;]<\/p>\n","protected":false},"featured_media":597,"comment_status":"open","ping_status":"closed","template":"","meta":[],"product_brand":[],"product_cat":[32],"product_tag":[],"class_list":{"0":"post-626","1":"product","2":"type-product","3":"status-publish","4":"has-post-thumbnail","6":"product_cat-satis","8":"first","9":"instock","10":"shipping-taxable","11":"product-type-simple"},"_links":{"self":[{"href":"https:\/\/campoagroto.com.br\/index.php\/wp-json\/wp\/v2\/product\/626","targetHints":{"allow":["GET"]}}],"collection":[{"href":"https:\/\/campoagroto.com.br\/index.php\/wp-json\/wp\/v2\/product"}],"about":[{"href":"https:\/\/campoagroto.com.br\/index.php\/wp-json\/wp\/v2\/types\/product"}],"replies":[{"embeddable":true,"href":"https:\/\/campoagroto.com.br\/index.php\/wp-json\/wp\/v2\/comments?post=626"}],"wp:featuredmedia":[{"embeddable":true,"href":"https:\/\/campoagroto.com.br\/index.php\/wp-json\/wp\/v2\/media\/597"}],"wp:attachment":[{"href":"https:\/\/campoagroto.com.br\/index.php\/wp-json\/wp\/v2\/media?parent=626"}],"wp:term":[{"taxonomy":"product_brand","embeddable":true,"href":"https:\/\/campoagroto.com.br\/index.php\/wp-json\/wp\/v2\/product_brand?post=626"},{"taxonomy":"product_cat","embeddable":true,"href":"https:\/\/campoagroto.com.br\/index.php\/wp-json\/wp\/v2\/product_cat?post=626"},{"taxonomy":"product_tag","embeddable":true,"href":"https:\/\/campoagroto.com.br\/index.php\/wp-json\/wp\/v2\/product_tag?post=626"}],"curies":[{"name":"wp","href":"https:\/\/api.w.org\/{rel}","templated":true}]}}