{"id":627,"date":"2024-02-29T12:27:43","date_gmt":"2024-02-29T15:27:43","guid":{"rendered":"https:\/\/agenciacnw.com.br\/site7\/?post_type=product&#038;p=627"},"modified":"2024-02-29T12:27:43","modified_gmt":"2024-02-29T15:27:43","slug":"humicbor","status":"publish","type":"product","link":"https:\/\/campoagroto.com.br\/index.php\/produto\/humicbor\/","title":{"rendered":"Humicbor"},"content":{"rendered":"<h3>Detalhe do Produto<\/h3>\n<p>Importante fornecedor de boro totalmente sol\u00favel, enriquecido com subst\u00e2ncias h\u00famicas, extrato de algas e poli\u00f3is.<\/p>\n<ul>\n<li>Melhor desenvolvimento vegetativo.<\/li>\n<li>Supre as baixas concentra\u00e7\u00f5es de boro no solo.<\/li>\n<li>Melhora o pegamento da florada \u2013 atua diretamente na forma\u00e7\u00e3o do tubo pol\u00ednico e na germina\u00e7\u00e3o do gr\u00e3o de p\u00f3len.<\/li>\n<\/ul>\n<div class=\"row\">\n<div class=\"sm-12 md-6\">\n<h3>Garantia (P\/P)<\/h3>\n<ul class=\"warranty\">\n<li>Boro (B): 9%<\/li>\n<li>Pot\u00e1ssio (K2O): 1%<\/li>\n<li>Carbono Org\u00e2nico Total (COT): 6%<\/li>\n<\/ul>\n<\/div>\n<div class=\"sm-12 md-6\">\n<h3>Densidade<\/h3>\n<p>1.35 g\/ml<br \/>\nRegistro no MAPA<\/p>\n<p>MG 001650-0.000005<\/p>\n<\/div>\n<\/div>\n","protected":false},"excerpt":{"rendered":"<p>Detalhe do Produto Importante fornecedor de boro totalmente sol\u00favel, enriquecido com subst\u00e2ncias h\u00famicas, extrato de algas e poli\u00f3is. Melhor desenvolvimento vegetativo. Supre as baixas concentra\u00e7\u00f5es de boro no solo. Melhora o pegamento da florada \u2013 atua diretamente na forma\u00e7\u00e3o do tubo pol\u00ednico e na germina\u00e7\u00e3o do gr\u00e3o de p\u00f3len. Garantia (P\/P) Boro (B): 9% Pot\u00e1ssio [&hellip;]<\/p>\n","protected":false},"featured_media":593,"comment_status":"open","ping_status":"closed","template":"","meta":[],"product_brand":[],"product_cat":[32],"product_tag":[],"class_list":{"0":"post-627","1":"product","2":"type-product","3":"status-publish","4":"has-post-thumbnail","6":"product_cat-satis","8":"first","9":"instock","10":"shipping-taxable","11":"product-type-simple"},"_links":{"self":[{"href":"https:\/\/campoagroto.com.br\/index.php\/wp-json\/wp\/v2\/product\/627","targetHints":{"allow":["GET"]}}],"collection":[{"href":"https:\/\/campoagroto.com.br\/index.php\/wp-json\/wp\/v2\/product"}],"about":[{"href":"https:\/\/campoagroto.com.br\/index.php\/wp-json\/wp\/v2\/types\/product"}],"replies":[{"embeddable":true,"href":"https:\/\/campoagroto.com.br\/index.php\/wp-json\/wp\/v2\/comments?post=627"}],"wp:featuredmedia":[{"embeddable":true,"href":"https:\/\/campoagroto.com.br\/index.php\/wp-json\/wp\/v2\/media\/593"}],"wp:attachment":[{"href":"https:\/\/campoagroto.com.br\/index.php\/wp-json\/wp\/v2\/media?parent=627"}],"wp:term":[{"taxonomy":"product_brand","embeddable":true,"href":"https:\/\/campoagroto.com.br\/index.php\/wp-json\/wp\/v2\/product_brand?post=627"},{"taxonomy":"product_cat","embeddable":true,"href":"https:\/\/campoagroto.com.br\/index.php\/wp-json\/wp\/v2\/product_cat?post=627"},{"taxonomy":"product_tag","embeddable":true,"href":"https:\/\/campoagroto.com.br\/index.php\/wp-json\/wp\/v2\/product_tag?post=627"}],"curies":[{"name":"wp","href":"https:\/\/api.w.org\/{rel}","templated":true}]}}