{"id":628,"date":"2024-02-29T12:35:02","date_gmt":"2024-02-29T15:35:02","guid":{"rendered":"https:\/\/agenciacnw.com.br\/site7\/?post_type=product&#038;p=628"},"modified":"2024-02-29T12:35:02","modified_gmt":"2024-02-29T15:35:02","slug":"humicphol","status":"publish","type":"product","link":"https:\/\/campoagroto.com.br\/index.php\/produto\/humicphol\/","title":{"rendered":"Humicphol"},"content":{"rendered":"<h3>Detalhe do Produto<\/h3>\n<p>O Humicphol \u00e9 um fertilizante orgnanomineral desenvolvido para fornecer e melhorar a disponibilidade dos nutrientes retidos no solo. Sua formula\u00e7\u00e3o enriquecida com subst\u00e2ncias h\u00famicas j\u00e1 hidrolisadas permitindo a\u00a0 r\u00e1pida assimila\u00e7\u00e3o pelas ra\u00edzes, aumentando a efici\u00eancia do produto e reduzindo perdas no solo. Com a aplica\u00e7\u00e3o via solo permite com que o produto fique\u00a0\u00a0mais tempo dispon\u00edvel para as plantas.<\/p>\n<ul>\n<li>Melhora a disponibilidade dos nutriente do solo.<\/li>\n<li>Melhora o desenvolvimento radicular e vegetativo.<\/li>\n<li>Facilita a absor\u00e7\u00e3o dos nutrientes retidos no solo.<\/li>\n<\/ul>\n<div class=\"row\">\n<div class=\"sm-12 md-6\">\n<h3>Garantia (P\/P)<\/h3>\n<ul class=\"warranty\">\n<li>Nitrog\u00eanio (N): 10%<\/li>\n<li>F\u00f3sforo (P2O5): 2%<\/li>\n<li>Pot\u00e1ssio (K2O): 2%<\/li>\n<li>Carbono Org\u00e2nico Total (COT): 8%<\/li>\n<\/ul>\n<\/div>\n<div class=\"sm-12 md-6\">\n<h3>Densidade<\/h3>\n<p>1.16 g\/ml<br \/>\nRegistro no MAPA<\/p>\n<p>MG 001650-0.000007<\/p>\n<\/div>\n<\/div>\n","protected":false},"excerpt":{"rendered":"<p>Detalhe do Produto O Humicphol \u00e9 um fertilizante orgnanomineral desenvolvido para fornecer e melhorar a disponibilidade dos nutrientes retidos no solo. Sua formula\u00e7\u00e3o enriquecida com subst\u00e2ncias h\u00famicas j\u00e1 hidrolisadas permitindo a\u00a0 r\u00e1pida assimila\u00e7\u00e3o pelas ra\u00edzes, aumentando a efici\u00eancia do produto e reduzindo perdas no solo. Com a aplica\u00e7\u00e3o via solo permite com que o produto [&hellip;]<\/p>\n","protected":false},"featured_media":594,"comment_status":"open","ping_status":"closed","template":"","meta":[],"product_brand":[],"product_cat":[32],"product_tag":[],"class_list":{"0":"post-628","1":"product","2":"type-product","3":"status-publish","4":"has-post-thumbnail","6":"product_cat-satis","8":"first","9":"instock","10":"shipping-taxable","11":"product-type-simple"},"_links":{"self":[{"href":"https:\/\/campoagroto.com.br\/index.php\/wp-json\/wp\/v2\/product\/628","targetHints":{"allow":["GET"]}}],"collection":[{"href":"https:\/\/campoagroto.com.br\/index.php\/wp-json\/wp\/v2\/product"}],"about":[{"href":"https:\/\/campoagroto.com.br\/index.php\/wp-json\/wp\/v2\/types\/product"}],"replies":[{"embeddable":true,"href":"https:\/\/campoagroto.com.br\/index.php\/wp-json\/wp\/v2\/comments?post=628"}],"wp:featuredmedia":[{"embeddable":true,"href":"https:\/\/campoagroto.com.br\/index.php\/wp-json\/wp\/v2\/media\/594"}],"wp:attachment":[{"href":"https:\/\/campoagroto.com.br\/index.php\/wp-json\/wp\/v2\/media?parent=628"}],"wp:term":[{"taxonomy":"product_brand","embeddable":true,"href":"https:\/\/campoagroto.com.br\/index.php\/wp-json\/wp\/v2\/product_brand?post=628"},{"taxonomy":"product_cat","embeddable":true,"href":"https:\/\/campoagroto.com.br\/index.php\/wp-json\/wp\/v2\/product_cat?post=628"},{"taxonomy":"product_tag","embeddable":true,"href":"https:\/\/campoagroto.com.br\/index.php\/wp-json\/wp\/v2\/product_tag?post=628"}],"curies":[{"name":"wp","href":"https:\/\/api.w.org\/{rel}","templated":true}]}}