{"id":629,"date":"2024-02-29T12:36:11","date_gmt":"2024-02-29T15:36:11","guid":{"rendered":"https:\/\/agenciacnw.com.br\/site7\/?post_type=product&#038;p=629"},"modified":"2024-02-29T12:36:11","modified_gmt":"2024-02-29T15:36:11","slug":"mathury","status":"publish","type":"product","link":"https:\/\/campoagroto.com.br\/index.php\/produto\/mathury\/","title":{"rendered":"Mathury"},"content":{"rendered":"<h3>Detalhe do Produto<\/h3>\n<p>\u00c0 base de acetato de pot\u00e1ssio, o Mathury \u00e9 um fertilizante mineral que contribui para uma s\u00e9rie de processos fisiol\u00f3gicos importantes das plantas, como concentra\u00e7\u00e3o de a\u00e7\u00facares, melhorando a cor , o sabor e o amadurecimento de ramos e frutos. Sua aplica\u00e7\u00e3o oferece para o produtor uma importante ferramenta de controle dos est\u00e1gios da matura\u00e7\u00e3o, refletindo em ganhos de produtividade.<\/p>\n<ul>\n<li>Reduz a senesc\u00eancia foliar.<\/li>\n<li>Melhora os n\u00edveis de clorofila.<\/li>\n<li>Aumenta a taxa fotossint\u00e9tica da planta.<\/li>\n<li>Fonte de pot\u00e1ssio altamente assimil\u00e1vel.<\/li>\n<\/ul>\n<div class=\"row\">\n<div class=\"sm-12 md-6\">\n<h3>Garantia (P\/P)<\/h3>\n<ul class=\"warranty\">\n<li>Pot\u00e1ssio (K2O): 30%<\/li>\n<\/ul>\n<\/div>\n<div class=\"sm-12 md-6\">\n<h3>Densidade<\/h3>\n<p>1.4 g\/ml<br \/>\nRegistro no MAPA<\/p>\n<p>MG 001650-0.000006<\/p>\n<\/div>\n<\/div>\n","protected":false},"excerpt":{"rendered":"<p>Detalhe do Produto \u00c0 base de acetato de pot\u00e1ssio, o Mathury \u00e9 um fertilizante mineral que contribui para uma s\u00e9rie de processos fisiol\u00f3gicos importantes das plantas, como concentra\u00e7\u00e3o de a\u00e7\u00facares, melhorando a cor , o sabor e o amadurecimento de ramos e frutos. Sua aplica\u00e7\u00e3o oferece para o produtor uma importante ferramenta de controle dos [&hellip;]<\/p>\n","protected":false},"featured_media":598,"comment_status":"open","ping_status":"closed","template":"","meta":[],"product_brand":[],"product_cat":[32],"product_tag":[],"class_list":{"0":"post-629","1":"product","2":"type-product","3":"status-publish","4":"has-post-thumbnail","6":"product_cat-satis","8":"first","9":"instock","10":"shipping-taxable","11":"product-type-simple"},"_links":{"self":[{"href":"https:\/\/campoagroto.com.br\/index.php\/wp-json\/wp\/v2\/product\/629","targetHints":{"allow":["GET"]}}],"collection":[{"href":"https:\/\/campoagroto.com.br\/index.php\/wp-json\/wp\/v2\/product"}],"about":[{"href":"https:\/\/campoagroto.com.br\/index.php\/wp-json\/wp\/v2\/types\/product"}],"replies":[{"embeddable":true,"href":"https:\/\/campoagroto.com.br\/index.php\/wp-json\/wp\/v2\/comments?post=629"}],"wp:featuredmedia":[{"embeddable":true,"href":"https:\/\/campoagroto.com.br\/index.php\/wp-json\/wp\/v2\/media\/598"}],"wp:attachment":[{"href":"https:\/\/campoagroto.com.br\/index.php\/wp-json\/wp\/v2\/media?parent=629"}],"wp:term":[{"taxonomy":"product_brand","embeddable":true,"href":"https:\/\/campoagroto.com.br\/index.php\/wp-json\/wp\/v2\/product_brand?post=629"},{"taxonomy":"product_cat","embeddable":true,"href":"https:\/\/campoagroto.com.br\/index.php\/wp-json\/wp\/v2\/product_cat?post=629"},{"taxonomy":"product_tag","embeddable":true,"href":"https:\/\/campoagroto.com.br\/index.php\/wp-json\/wp\/v2\/product_tag?post=629"}],"curies":[{"name":"wp","href":"https:\/\/api.w.org\/{rel}","templated":true}]}}