{"id":630,"date":"2024-02-29T12:42:21","date_gmt":"2024-02-29T15:42:21","guid":{"rendered":"https:\/\/agenciacnw.com.br\/site7\/?post_type=product&#038;p=630"},"modified":"2024-02-29T12:42:21","modified_gmt":"2024-02-29T15:42:21","slug":"nodular","status":"publish","type":"product","link":"https:\/\/campoagroto.com.br\/index.php\/produto\/nodular\/","title":{"rendered":"Nodular"},"content":{"rendered":"<h3>Detalhe do Produto<\/h3>\n<p>Visa o fornecimento de molibd\u00eanio e cobalto, em alta concentra\u00e7\u00e3o que auxiliam na fixa\u00e7\u00e3o biologica do nitrog\u00eanio, al\u00e9m de possuir em sua formula\u00e7\u00e3o extrato de algas.<\/p>\n<ul>\n<li>Aumenta volume de ra\u00edzes.<\/li>\n<li>Aumenta o n\u00famero de n\u00f3dulos.<\/li>\n<li>Melhor desenvolvimento vegetativo.<\/li>\n<li>Melhora FBN (fixa\u00e7\u00e3o biologica de nitrog\u00eanio).<\/li>\n<\/ul>\n<div class=\"row\">\n<div class=\"sm-12 md-6\">\n<h3>Garantia (P\/P)<\/h3>\n<ul class=\"warranty\">\n<li>Molibd\u00eanio (Mo): 12%<\/li>\n<li>Cobalto (Co): 1,2%<\/li>\n<li>Carbono Org\u00e2nico Total (COT): 3%<\/li>\n<\/ul>\n<\/div>\n<div class=\"sm-12 md-6\">\n<h3>Densidade<\/h3>\n<p>1.4 g\/ml<br \/>\nRegistro no MAPA<br \/>\nMG 09147 10264-6<\/p>\n<\/div>\n<\/div>\n","protected":false},"excerpt":{"rendered":"<p>Detalhe do Produto Visa o fornecimento de molibd\u00eanio e cobalto, em alta concentra\u00e7\u00e3o que auxiliam na fixa\u00e7\u00e3o biologica do nitrog\u00eanio, al\u00e9m de possuir em sua formula\u00e7\u00e3o extrato de algas. Aumenta volume de ra\u00edzes. Aumenta o n\u00famero de n\u00f3dulos. Melhor desenvolvimento vegetativo. Melhora FBN (fixa\u00e7\u00e3o biologica de nitrog\u00eanio). Garantia (P\/P) Molibd\u00eanio (Mo): 12% Cobalto (Co): 1,2% [&hellip;]<\/p>\n","protected":false},"featured_media":632,"comment_status":"open","ping_status":"closed","template":"","meta":[],"product_brand":[],"product_cat":[32],"product_tag":[],"class_list":{"0":"post-630","1":"product","2":"type-product","3":"status-publish","4":"has-post-thumbnail","6":"product_cat-satis","8":"first","9":"instock","10":"shipping-taxable","11":"product-type-simple"},"_links":{"self":[{"href":"https:\/\/campoagroto.com.br\/index.php\/wp-json\/wp\/v2\/product\/630","targetHints":{"allow":["GET"]}}],"collection":[{"href":"https:\/\/campoagroto.com.br\/index.php\/wp-json\/wp\/v2\/product"}],"about":[{"href":"https:\/\/campoagroto.com.br\/index.php\/wp-json\/wp\/v2\/types\/product"}],"replies":[{"embeddable":true,"href":"https:\/\/campoagroto.com.br\/index.php\/wp-json\/wp\/v2\/comments?post=630"}],"wp:featuredmedia":[{"embeddable":true,"href":"https:\/\/campoagroto.com.br\/index.php\/wp-json\/wp\/v2\/media\/632"}],"wp:attachment":[{"href":"https:\/\/campoagroto.com.br\/index.php\/wp-json\/wp\/v2\/media?parent=630"}],"wp:term":[{"taxonomy":"product_brand","embeddable":true,"href":"https:\/\/campoagroto.com.br\/index.php\/wp-json\/wp\/v2\/product_brand?post=630"},{"taxonomy":"product_cat","embeddable":true,"href":"https:\/\/campoagroto.com.br\/index.php\/wp-json\/wp\/v2\/product_cat?post=630"},{"taxonomy":"product_tag","embeddable":true,"href":"https:\/\/campoagroto.com.br\/index.php\/wp-json\/wp\/v2\/product_tag?post=630"}],"curies":[{"name":"wp","href":"https:\/\/api.w.org\/{rel}","templated":true}]}}