{"id":636,"date":"2024-02-29T12:57:57","date_gmt":"2024-02-29T15:57:57","guid":{"rendered":"https:\/\/agenciacnw.com.br\/site7\/?post_type=product&#038;p=636"},"modified":"2024-02-29T12:57:57","modified_gmt":"2024-02-29T15:57:57","slug":"sollar","status":"publish","type":"product","link":"https:\/\/campoagroto.com.br\/index.php\/produto\/sollar\/","title":{"rendered":"Sollar"},"content":{"rendered":"<h3>Detalhe do Produto<\/h3>\n<p>\u00c0 base de fosforo e \u00e1cidos org\u00e2nicos selecionados exclusivamente que auxiliam na disponibiliza\u00e7\u00e3o dos nutrientes no solo, melhorando o enraizamento, enfolhamento e estrutura\u00e7\u00e3o geral das plantas.<\/p>\n<ul>\n<li>Fonte de energia prontamente dispon\u00edvel para a planta.<\/li>\n<li>Auxilia a redu\u00e7\u00e3o da imobiliza\u00e7\u00e3o do f\u00f3sforo no solo.<\/li>\n<li>Aumenta a absor\u00e7\u00e3o do f\u00f3sforo pelas ra\u00edzes.<\/li>\n<\/ul>\n<div class=\"row\">\n<div class=\"sm-12 md-6\">\n<h3>Garantia (P\/P)<\/h3>\n<ul class=\"warranty\">\n<li>Nitrog\u00eanio (N): 6,5%<\/li>\n<li>F\u00f3sforo (P2O): 20%<\/li>\n<li>Magn\u00e9sio (Mg); 0,3%<\/li>\n<li>Zinco (Zn): 0,15%<\/li>\n<\/ul>\n<\/div>\n<div class=\"sm-12 md-6\">\n<h3>Densidade<\/h3>\n<p>1,30 g\/ml<\/p>\n<p>Registro no MAPA<\/p>\n<p>MG 001650-0.000001<\/p>\n<\/div>\n<\/div>\n","protected":false},"excerpt":{"rendered":"<p>Detalhe do Produto \u00c0 base de fosforo e \u00e1cidos org\u00e2nicos selecionados exclusivamente que auxiliam na disponibiliza\u00e7\u00e3o dos nutrientes no solo, melhorando o enraizamento, enfolhamento e estrutura\u00e7\u00e3o geral das plantas. Fonte de energia prontamente dispon\u00edvel para a planta. Auxilia a redu\u00e7\u00e3o da imobiliza\u00e7\u00e3o do f\u00f3sforo no solo. Aumenta a absor\u00e7\u00e3o do f\u00f3sforo pelas ra\u00edzes. Garantia (P\/P) [&hellip;]<\/p>\n","protected":false},"featured_media":637,"comment_status":"open","ping_status":"closed","template":"","meta":[],"product_brand":[],"product_cat":[32],"product_tag":[],"class_list":{"0":"post-636","1":"product","2":"type-product","3":"status-publish","4":"has-post-thumbnail","6":"product_cat-satis","8":"first","9":"instock","10":"shipping-taxable","11":"product-type-simple"},"_links":{"self":[{"href":"https:\/\/campoagroto.com.br\/index.php\/wp-json\/wp\/v2\/product\/636","targetHints":{"allow":["GET"]}}],"collection":[{"href":"https:\/\/campoagroto.com.br\/index.php\/wp-json\/wp\/v2\/product"}],"about":[{"href":"https:\/\/campoagroto.com.br\/index.php\/wp-json\/wp\/v2\/types\/product"}],"replies":[{"embeddable":true,"href":"https:\/\/campoagroto.com.br\/index.php\/wp-json\/wp\/v2\/comments?post=636"}],"wp:featuredmedia":[{"embeddable":true,"href":"https:\/\/campoagroto.com.br\/index.php\/wp-json\/wp\/v2\/media\/637"}],"wp:attachment":[{"href":"https:\/\/campoagroto.com.br\/index.php\/wp-json\/wp\/v2\/media?parent=636"}],"wp:term":[{"taxonomy":"product_brand","embeddable":true,"href":"https:\/\/campoagroto.com.br\/index.php\/wp-json\/wp\/v2\/product_brand?post=636"},{"taxonomy":"product_cat","embeddable":true,"href":"https:\/\/campoagroto.com.br\/index.php\/wp-json\/wp\/v2\/product_cat?post=636"},{"taxonomy":"product_tag","embeddable":true,"href":"https:\/\/campoagroto.com.br\/index.php\/wp-json\/wp\/v2\/product_tag?post=636"}],"curies":[{"name":"wp","href":"https:\/\/api.w.org\/{rel}","templated":true}]}}