{"id":638,"date":"2024-02-29T12:59:44","date_gmt":"2024-02-29T15:59:44","guid":{"rendered":"https:\/\/agenciacnw.com.br\/site7\/?post_type=product&#038;p=638"},"modified":"2024-02-29T13:00:03","modified_gmt":"2024-02-29T16:00:03","slug":"stayflex","status":"publish","type":"product","link":"https:\/\/campoagroto.com.br\/index.php\/produto\/stayflex\/","title":{"rendered":"Stayflex"},"content":{"rendered":"<h3>Detalhe do Produto<\/h3>\n<p>O Stayflex \u00e9 fonte de Boro enriquecido com compostos salic\u00edlicos\u00a0 que favorecem naturalmente a produ\u00e7\u00e3o de subst\u00e2ncias de autodefesa da planta, al\u00e9m de estimular outras fun\u00e7\u00f5es enzim\u00e1ticas do metabolismo vegetal. O produto ajuda diferentes culturas em situa\u00e7\u00f5es adversas, sendo bem recomendado para as culturas de feij\u00e3o, caf\u00e9, hortali\u00e7as, mam\u00e3o e maracuj\u00e1.<\/p>\n<ul>\n<li>Potente elicitor.<\/li>\n<li>Auxilia na estrutura da parede celular.<\/li>\n<li>Ativa v\u00e1rias fun\u00e7\u00f5es enzim\u00e1ticas do metabolismo vegetal.<\/li>\n<\/ul>\n<div class=\"row\">\n<div class=\"sm-12 md-6\">\n<h3>Garantia (P\/P)<\/h3>\n<ul class=\"warranty\">\n<li>Boro (B): 2%<\/li>\n<\/ul>\n<\/div>\n<div class=\"sm-12 md-6\">\n<h3>Densidade<\/h3>\n<p>1.3 g\/ml<br \/>\nRegistro no MAPA<\/p>\n<p>MG 001650-0.000008<\/p>\n<\/div>\n<\/div>\n","protected":false},"excerpt":{"rendered":"<p>Detalhe do Produto O Stayflex \u00e9 fonte de Boro enriquecido com compostos salic\u00edlicos\u00a0 que favorecem naturalmente a produ\u00e7\u00e3o de subst\u00e2ncias de autodefesa da planta, al\u00e9m de estimular outras fun\u00e7\u00f5es enzim\u00e1ticas do metabolismo vegetal. O produto ajuda diferentes culturas em situa\u00e7\u00f5es adversas, sendo bem recomendado para as culturas de feij\u00e3o, caf\u00e9, hortali\u00e7as, mam\u00e3o e maracuj\u00e1. Potente [&hellip;]<\/p>\n","protected":false},"featured_media":639,"comment_status":"open","ping_status":"closed","template":"","meta":[],"product_brand":[],"product_cat":[32],"product_tag":[],"class_list":{"0":"post-638","1":"product","2":"type-product","3":"status-publish","4":"has-post-thumbnail","6":"product_cat-satis","8":"first","9":"instock","10":"shipping-taxable","11":"product-type-simple"},"_links":{"self":[{"href":"https:\/\/campoagroto.com.br\/index.php\/wp-json\/wp\/v2\/product\/638","targetHints":{"allow":["GET"]}}],"collection":[{"href":"https:\/\/campoagroto.com.br\/index.php\/wp-json\/wp\/v2\/product"}],"about":[{"href":"https:\/\/campoagroto.com.br\/index.php\/wp-json\/wp\/v2\/types\/product"}],"replies":[{"embeddable":true,"href":"https:\/\/campoagroto.com.br\/index.php\/wp-json\/wp\/v2\/comments?post=638"}],"wp:featuredmedia":[{"embeddable":true,"href":"https:\/\/campoagroto.com.br\/index.php\/wp-json\/wp\/v2\/media\/639"}],"wp:attachment":[{"href":"https:\/\/campoagroto.com.br\/index.php\/wp-json\/wp\/v2\/media?parent=638"}],"wp:term":[{"taxonomy":"product_brand","embeddable":true,"href":"https:\/\/campoagroto.com.br\/index.php\/wp-json\/wp\/v2\/product_brand?post=638"},{"taxonomy":"product_cat","embeddable":true,"href":"https:\/\/campoagroto.com.br\/index.php\/wp-json\/wp\/v2\/product_cat?post=638"},{"taxonomy":"product_tag","embeddable":true,"href":"https:\/\/campoagroto.com.br\/index.php\/wp-json\/wp\/v2\/product_tag?post=638"}],"curies":[{"name":"wp","href":"https:\/\/api.w.org\/{rel}","templated":true}]}}