{"id":640,"date":"2024-02-29T13:03:54","date_gmt":"2024-02-29T16:03:54","guid":{"rendered":"https:\/\/agenciacnw.com.br\/site7\/?post_type=product&#038;p=640"},"modified":"2024-02-29T13:03:54","modified_gmt":"2024-02-29T16:03:54","slug":"sturdy","status":"publish","type":"product","link":"https:\/\/campoagroto.com.br\/index.php\/produto\/sturdy\/","title":{"rendered":"Sturdy"},"content":{"rendered":"<h3>Detalhe do Produto<\/h3>\n<p>Bioativador enriquecido com f\u00f3sforo e extratos de algas oferecendo \u00e0s plantas mais energia e melhor desempenho, especialmente sob condi\u00e7\u00f5es adversas, auxiliando na estrutura\u00e7\u00e3o do sistema radicular e da parte a\u00e9rea das plantas.<\/p>\n<ul>\n<li>Alta efici\u00eancia no fornecimento de f\u00f3sforo.<\/li>\n<li>Melhora o desenvolvimento radicular e o crescimento vegetativo.<\/li>\n<li>Promove maior absor\u00e7\u00e3o de nutrientes do solo.<\/li>\n<\/ul>\n<div class=\"row\">\n<div class=\"sm-12 md-6\">\n<h3>Garantia (P\/P)<\/h3>\n<ul class=\"warranty\">\n<li>Nitrog\u00eanio (N): 1%<\/li>\n<li>F\u00f3sforo (P2O): 30%<\/li>\n<\/ul>\n<\/div>\n<div class=\"sm-12 md-6\">\n<h3>Densidade<\/h3>\n<p>1.35 g\/ml<br \/>\nRegistro no MAPA<\/p>\n<p>MG 001650-0.000009<\/p>\n<\/div>\n<\/div>\n","protected":false},"excerpt":{"rendered":"<p>Detalhe do Produto Bioativador enriquecido com f\u00f3sforo e extratos de algas oferecendo \u00e0s plantas mais energia e melhor desempenho, especialmente sob condi\u00e7\u00f5es adversas, auxiliando na estrutura\u00e7\u00e3o do sistema radicular e da parte a\u00e9rea das plantas. Alta efici\u00eancia no fornecimento de f\u00f3sforo. Melhora o desenvolvimento radicular e o crescimento vegetativo. Promove maior absor\u00e7\u00e3o de nutrientes do [&hellip;]<\/p>\n","protected":false},"featured_media":642,"comment_status":"open","ping_status":"closed","template":"","meta":[],"product_brand":[],"product_cat":[32],"product_tag":[],"class_list":{"0":"post-640","1":"product","2":"type-product","3":"status-publish","4":"has-post-thumbnail","6":"product_cat-satis","8":"first","9":"instock","10":"shipping-taxable","11":"product-type-simple"},"_links":{"self":[{"href":"https:\/\/campoagroto.com.br\/index.php\/wp-json\/wp\/v2\/product\/640","targetHints":{"allow":["GET"]}}],"collection":[{"href":"https:\/\/campoagroto.com.br\/index.php\/wp-json\/wp\/v2\/product"}],"about":[{"href":"https:\/\/campoagroto.com.br\/index.php\/wp-json\/wp\/v2\/types\/product"}],"replies":[{"embeddable":true,"href":"https:\/\/campoagroto.com.br\/index.php\/wp-json\/wp\/v2\/comments?post=640"}],"wp:featuredmedia":[{"embeddable":true,"href":"https:\/\/campoagroto.com.br\/index.php\/wp-json\/wp\/v2\/media\/642"}],"wp:attachment":[{"href":"https:\/\/campoagroto.com.br\/index.php\/wp-json\/wp\/v2\/media?parent=640"}],"wp:term":[{"taxonomy":"product_brand","embeddable":true,"href":"https:\/\/campoagroto.com.br\/index.php\/wp-json\/wp\/v2\/product_brand?post=640"},{"taxonomy":"product_cat","embeddable":true,"href":"https:\/\/campoagroto.com.br\/index.php\/wp-json\/wp\/v2\/product_cat?post=640"},{"taxonomy":"product_tag","embeddable":true,"href":"https:\/\/campoagroto.com.br\/index.php\/wp-json\/wp\/v2\/product_tag?post=640"}],"curies":[{"name":"wp","href":"https:\/\/api.w.org\/{rel}","templated":true}]}}