{"id":643,"date":"2024-02-29T13:05:52","date_gmt":"2024-02-29T16:05:52","guid":{"rendered":"https:\/\/agenciacnw.com.br\/site7\/?post_type=product&#038;p=643"},"modified":"2024-02-29T13:05:52","modified_gmt":"2024-02-29T16:05:52","slug":"tatic","status":"publish","type":"product","link":"https:\/\/campoagroto.com.br\/index.php\/produto\/tatic\/","title":{"rendered":"Tatic"},"content":{"rendered":"<h3>Detalhe do Produto<\/h3>\n<p>Fertilizante mineral complexo a base de cobre e enxofre em suspens\u00e3o concentrada com part\u00edculas micronizadas, aditivada com surfactantes que melhoram o espalhamento do produto na superf\u00edcie foliar.<\/p>\n<p>\u2022 Fornecimento do micronutriente essencial cobre.<br \/>\n\u2022 Ativador enzim\u00e1tico.<br \/>\n\u2022 Apresenta em sua formula\u00e7\u00e3o metab\u00f3litos indutores de resist\u00eancia.<\/p>\n<div class=\"row\">\n<div class=\"sm-12 md-6\">\n<h3>Garantia (P\/P)<\/h3>\n<ul class=\"warranty\">\n<li>Cobre (Cu) P\/P: 14% | P\/V: 194,6g\/L<\/li>\n<li>Enxofre (S) P\/P: 6% | P\/V: 83,4g\/L<\/li>\n<\/ul>\n<\/div>\n<div class=\"sm-12 md-6\">\n<h3>Densidade<\/h3>\n<p>Densidade: 1,39g\/ml<\/p>\n<p>Registro no MAPA MG 001650-0.000053<\/p>\n<\/div>\n<\/div>\n","protected":false},"excerpt":{"rendered":"<p>Detalhe do Produto Fertilizante mineral complexo a base de cobre e enxofre em suspens\u00e3o concentrada com part\u00edculas micronizadas, aditivada com surfactantes que melhoram o espalhamento do produto na superf\u00edcie foliar. \u2022 Fornecimento do micronutriente essencial cobre. \u2022 Ativador enzim\u00e1tico. \u2022 Apresenta em sua formula\u00e7\u00e3o metab\u00f3litos indutores de resist\u00eancia. Garantia (P\/P) Cobre (Cu) P\/P: 14% | [&hellip;]<\/p>\n","protected":false},"featured_media":644,"comment_status":"open","ping_status":"closed","template":"","meta":[],"product_brand":[],"product_cat":[32],"product_tag":[],"class_list":{"0":"post-643","1":"product","2":"type-product","3":"status-publish","4":"has-post-thumbnail","6":"product_cat-satis","8":"first","9":"instock","10":"shipping-taxable","11":"product-type-simple"},"_links":{"self":[{"href":"https:\/\/campoagroto.com.br\/index.php\/wp-json\/wp\/v2\/product\/643","targetHints":{"allow":["GET"]}}],"collection":[{"href":"https:\/\/campoagroto.com.br\/index.php\/wp-json\/wp\/v2\/product"}],"about":[{"href":"https:\/\/campoagroto.com.br\/index.php\/wp-json\/wp\/v2\/types\/product"}],"replies":[{"embeddable":true,"href":"https:\/\/campoagroto.com.br\/index.php\/wp-json\/wp\/v2\/comments?post=643"}],"wp:featuredmedia":[{"embeddable":true,"href":"https:\/\/campoagroto.com.br\/index.php\/wp-json\/wp\/v2\/media\/644"}],"wp:attachment":[{"href":"https:\/\/campoagroto.com.br\/index.php\/wp-json\/wp\/v2\/media?parent=643"}],"wp:term":[{"taxonomy":"product_brand","embeddable":true,"href":"https:\/\/campoagroto.com.br\/index.php\/wp-json\/wp\/v2\/product_brand?post=643"},{"taxonomy":"product_cat","embeddable":true,"href":"https:\/\/campoagroto.com.br\/index.php\/wp-json\/wp\/v2\/product_cat?post=643"},{"taxonomy":"product_tag","embeddable":true,"href":"https:\/\/campoagroto.com.br\/index.php\/wp-json\/wp\/v2\/product_tag?post=643"}],"curies":[{"name":"wp","href":"https:\/\/api.w.org\/{rel}","templated":true}]}}