{"id":645,"date":"2024-02-29T13:07:27","date_gmt":"2024-02-29T16:07:27","guid":{"rendered":"https:\/\/agenciacnw.com.br\/site7\/?post_type=product&#038;p=645"},"modified":"2024-02-29T13:07:27","modified_gmt":"2024-02-29T16:07:27","slug":"vitakelp","status":"publish","type":"product","link":"https:\/\/campoagroto.com.br\/index.php\/produto\/vitakelp\/","title":{"rendered":"Vitakelp"},"content":{"rendered":"<h3>Detalhe do Produto<\/h3>\n<p align=\"justify\">Enriquecido com alta concentra\u00e7\u00e3o de extrato de algas, \u00e9 fonte naturalmente rica em subst\u00e2ncias bioativadoras que auxiliam no pegamento e vingamento de flores e frutos, al\u00e9m de promover r\u00e1pida recupera\u00e7\u00e3o de plantas expostas a situa\u00e7\u00f5es de estresse.<\/p>\n<ul>\n<li>Ativa a produ\u00e7\u00e3o de subst\u00e2ncias que atuam na regula\u00e7\u00e3o, no crescimento e no desenvolvimento vegetativo.<\/li>\n<li>Promove o fortalecimento fisiol\u00f3gico.<\/li>\n<li>Melhora o vingamento de flores e frutos.<\/li>\n<\/ul>\n<div class=\"row\">\n<div class=\"sm-12 md-6\">\n<h3>Garantia (P\/P)<\/h3>\n<ul class=\"warranty\">\n<li>Nitrog\u00eanio (N): 15%<\/li>\n<li>Carbono Org\u00e2nico Total (COT): 4,5%<\/li>\n<li>Pot\u00e1ssio (K2O): 1%<\/li>\n<\/ul>\n<\/div>\n<div class=\"sm-12 md-6\">\n<h3>Densidade<\/h3>\n<p>1.12 g\/ml<br \/>\nRegistro no MAPA<\/p>\n<p>MG 001650-0.000010<\/p>\n<\/div>\n<\/div>\n","protected":false},"excerpt":{"rendered":"<p>Detalhe do Produto Enriquecido com alta concentra\u00e7\u00e3o de extrato de algas, \u00e9 fonte naturalmente rica em subst\u00e2ncias bioativadoras que auxiliam no pegamento e vingamento de flores e frutos, al\u00e9m de promover r\u00e1pida recupera\u00e7\u00e3o de plantas expostas a situa\u00e7\u00f5es de estresse. Ativa a produ\u00e7\u00e3o de subst\u00e2ncias que atuam na regula\u00e7\u00e3o, no crescimento e no desenvolvimento vegetativo. [&hellip;]<\/p>\n","protected":false},"featured_media":646,"comment_status":"open","ping_status":"closed","template":"","meta":[],"product_brand":[],"product_cat":[32],"product_tag":[],"class_list":{"0":"post-645","1":"product","2":"type-product","3":"status-publish","4":"has-post-thumbnail","6":"product_cat-satis","8":"first","9":"instock","10":"shipping-taxable","11":"product-type-simple"},"_links":{"self":[{"href":"https:\/\/campoagroto.com.br\/index.php\/wp-json\/wp\/v2\/product\/645","targetHints":{"allow":["GET"]}}],"collection":[{"href":"https:\/\/campoagroto.com.br\/index.php\/wp-json\/wp\/v2\/product"}],"about":[{"href":"https:\/\/campoagroto.com.br\/index.php\/wp-json\/wp\/v2\/types\/product"}],"replies":[{"embeddable":true,"href":"https:\/\/campoagroto.com.br\/index.php\/wp-json\/wp\/v2\/comments?post=645"}],"wp:featuredmedia":[{"embeddable":true,"href":"https:\/\/campoagroto.com.br\/index.php\/wp-json\/wp\/v2\/media\/646"}],"wp:attachment":[{"href":"https:\/\/campoagroto.com.br\/index.php\/wp-json\/wp\/v2\/media?parent=645"}],"wp:term":[{"taxonomy":"product_brand","embeddable":true,"href":"https:\/\/campoagroto.com.br\/index.php\/wp-json\/wp\/v2\/product_brand?post=645"},{"taxonomy":"product_cat","embeddable":true,"href":"https:\/\/campoagroto.com.br\/index.php\/wp-json\/wp\/v2\/product_cat?post=645"},{"taxonomy":"product_tag","embeddable":true,"href":"https:\/\/campoagroto.com.br\/index.php\/wp-json\/wp\/v2\/product_tag?post=645"}],"curies":[{"name":"wp","href":"https:\/\/api.w.org\/{rel}","templated":true}]}}