{"id":647,"date":"2024-02-29T13:09:02","date_gmt":"2024-02-29T16:09:02","guid":{"rendered":"https:\/\/agenciacnw.com.br\/site7\/?post_type=product&#038;p=647"},"modified":"2024-02-29T13:09:02","modified_gmt":"2024-02-29T16:09:02","slug":"vitan","status":"publish","type":"product","link":"https:\/\/campoagroto.com.br\/index.php\/produto\/vitan\/","title":{"rendered":"Vitan"},"content":{"rendered":"<h3>Detalhe do Produto<\/h3>\n<p align=\"justify\">Potente organomineral, rico em macro e micronutrientes, cont\u00e9m em sua f\u00f3rmula alta carga de amino\u00e1cidos livres promovendo acelerada a\u00e7\u00e3o nutricional.<\/p>\n<ul>\n<li>\u00d3tima absor\u00e7\u00e3o via folha.<\/li>\n<li>R\u00e1pida assimila\u00e7\u00e3o do produto.<\/li>\n<li>Melhora o desenvolvimento radicular, vegetativo e reprodutivo.<\/li>\n<li>Melhora a absor\u00e7\u00e3o de outros produtos adicionados \u00e0 calda de pulveriza\u00e7\u00e3o.<\/li>\n<\/ul>\n<div class=\"row\">\n<div class=\"sm-12 md-6\">\n<h3>Garantia (P\/P)<\/h3>\n<ul class=\"warranty\">\n<li>Nitrog\u00eanio (N): 6,5%<\/li>\n<li>F\u00f3sforo (P2O5): 8%<\/li>\n<li>Pot\u00e1ssio (K2O): 8%<\/li>\n<li>C\u00e1lcio (Ca): 1%<\/li>\n<li>Magn\u00e9sio (Mg): 0,5%<\/li>\n<li>Boro (B): 0,6%<\/li>\n<li>Mangan\u00eas (Mn): 0,5%<\/li>\n<li>Zinco (Zn): 1%<\/li>\n<li>Carbono Org\u00e2nico Total (COT): 8%<\/li>\n<\/ul>\n<\/div>\n<div class=\"sm-12 md-6\">\n<h3>Densidade<\/h3>\n<p>1.42 g\/ml<br \/>\nRegistro no MAPA<\/p>\n<p>MG 001650-0.000011<\/p>\n<\/div>\n<\/div>\n","protected":false},"excerpt":{"rendered":"<p>Detalhe do Produto Potente organomineral, rico em macro e micronutrientes, cont\u00e9m em sua f\u00f3rmula alta carga de amino\u00e1cidos livres promovendo acelerada a\u00e7\u00e3o nutricional. \u00d3tima absor\u00e7\u00e3o via folha. R\u00e1pida assimila\u00e7\u00e3o do produto. Melhora o desenvolvimento radicular, vegetativo e reprodutivo. Melhora a absor\u00e7\u00e3o de outros produtos adicionados \u00e0 calda de pulveriza\u00e7\u00e3o. Garantia (P\/P) Nitrog\u00eanio (N): 6,5% F\u00f3sforo [&hellip;]<\/p>\n","protected":false},"featured_media":648,"comment_status":"open","ping_status":"closed","template":"","meta":[],"product_brand":[],"product_cat":[32],"product_tag":[],"class_list":{"0":"post-647","1":"product","2":"type-product","3":"status-publish","4":"has-post-thumbnail","6":"product_cat-satis","8":"first","9":"instock","10":"shipping-taxable","11":"product-type-simple"},"_links":{"self":[{"href":"https:\/\/campoagroto.com.br\/index.php\/wp-json\/wp\/v2\/product\/647","targetHints":{"allow":["GET"]}}],"collection":[{"href":"https:\/\/campoagroto.com.br\/index.php\/wp-json\/wp\/v2\/product"}],"about":[{"href":"https:\/\/campoagroto.com.br\/index.php\/wp-json\/wp\/v2\/types\/product"}],"replies":[{"embeddable":true,"href":"https:\/\/campoagroto.com.br\/index.php\/wp-json\/wp\/v2\/comments?post=647"}],"wp:featuredmedia":[{"embeddable":true,"href":"https:\/\/campoagroto.com.br\/index.php\/wp-json\/wp\/v2\/media\/648"}],"wp:attachment":[{"href":"https:\/\/campoagroto.com.br\/index.php\/wp-json\/wp\/v2\/media?parent=647"}],"wp:term":[{"taxonomy":"product_brand","embeddable":true,"href":"https:\/\/campoagroto.com.br\/index.php\/wp-json\/wp\/v2\/product_brand?post=647"},{"taxonomy":"product_cat","embeddable":true,"href":"https:\/\/campoagroto.com.br\/index.php\/wp-json\/wp\/v2\/product_cat?post=647"},{"taxonomy":"product_tag","embeddable":true,"href":"https:\/\/campoagroto.com.br\/index.php\/wp-json\/wp\/v2\/product_tag?post=647"}],"curies":[{"name":"wp","href":"https:\/\/api.w.org\/{rel}","templated":true}]}}