{"id":658,"date":"2024-02-29T14:06:54","date_gmt":"2024-02-29T17:06:54","guid":{"rendered":"https:\/\/agenciacnw.com.br\/site7\/?post_type=product&#038;p=658"},"modified":"2024-02-29T14:06:54","modified_gmt":"2024-02-29T17:06:54","slug":"mg","status":"publish","type":"product","link":"https:\/\/campoagroto.com.br\/index.php\/produto\/mg\/","title":{"rendered":"MG"},"content":{"rendered":"<p>Fertilizantes minerais produzidos por mistura de gr\u00e2nulos com macronutrientes.<\/p>\n<p class=\"title-center\">A tradi\u00e7\u00e3o dos NPKs tamb\u00e9m faz parte de nossa rotina O f\u00f3sforo (P), c\u00e1lcio (Ca) e enxofre (S) est\u00e3o no mesmo gr\u00e2nulo.<\/p>\n<p>Se as misturas de gr\u00e2nulos de fontes NPK (Nitrog\u00eanio, F\u00f3sforo e Pot\u00e1ssio) \u00e9 o que voc\u00ea precisa, tamb\u00e9m podemos te atender.<\/p>\n","protected":false},"excerpt":{"rendered":"<p>Fertilizantes minerais produzidos por mistura de gr\u00e2nulos com macronutrientes. A tradi\u00e7\u00e3o dos NPKs tamb\u00e9m faz parte de nossa rotina O f\u00f3sforo (P), c\u00e1lcio (Ca) e enxofre (S) est\u00e3o no mesmo gr\u00e2nulo. Se as misturas de gr\u00e2nulos de fontes NPK (Nitrog\u00eanio, F\u00f3sforo e Pot\u00e1ssio) \u00e9 o que voc\u00ea precisa, tamb\u00e9m podemos te atender.<\/p>\n","protected":false},"featured_media":659,"comment_status":"open","ping_status":"closed","template":"","meta":[],"product_brand":[],"product_cat":[29],"product_tag":[],"class_list":{"0":"post-658","1":"product","2":"type-product","3":"status-publish","4":"has-post-thumbnail","6":"product_cat-galvani","8":"first","9":"instock","10":"shipping-taxable","11":"product-type-simple"},"_links":{"self":[{"href":"https:\/\/campoagroto.com.br\/index.php\/wp-json\/wp\/v2\/product\/658","targetHints":{"allow":["GET"]}}],"collection":[{"href":"https:\/\/campoagroto.com.br\/index.php\/wp-json\/wp\/v2\/product"}],"about":[{"href":"https:\/\/campoagroto.com.br\/index.php\/wp-json\/wp\/v2\/types\/product"}],"replies":[{"embeddable":true,"href":"https:\/\/campoagroto.com.br\/index.php\/wp-json\/wp\/v2\/comments?post=658"}],"wp:featuredmedia":[{"embeddable":true,"href":"https:\/\/campoagroto.com.br\/index.php\/wp-json\/wp\/v2\/media\/659"}],"wp:attachment":[{"href":"https:\/\/campoagroto.com.br\/index.php\/wp-json\/wp\/v2\/media?parent=658"}],"wp:term":[{"taxonomy":"product_brand","embeddable":true,"href":"https:\/\/campoagroto.com.br\/index.php\/wp-json\/wp\/v2\/product_brand?post=658"},{"taxonomy":"product_cat","embeddable":true,"href":"https:\/\/campoagroto.com.br\/index.php\/wp-json\/wp\/v2\/product_cat?post=658"},{"taxonomy":"product_tag","embeddable":true,"href":"https:\/\/campoagroto.com.br\/index.php\/wp-json\/wp\/v2\/product_tag?post=658"}],"curies":[{"name":"wp","href":"https:\/\/api.w.org\/{rel}","templated":true}]}}