{"id":682,"date":"2024-02-29T15:15:27","date_gmt":"2024-02-29T18:15:27","guid":{"rendered":"https:\/\/agenciacnw.com.br\/site7\/?post_type=product&#038;p=682"},"modified":"2024-02-29T15:15:27","modified_gmt":"2024-02-29T18:15:27","slug":"dkb-380-pro3","status":"publish","type":"product","link":"https:\/\/campoagroto.com.br\/index.php\/produto\/dkb-380-pro3\/","title":{"rendered":"DKB 380 PRO3"},"content":{"rendered":"<p>BOM POTENCIAL PRODUTIVO COM AMPLA ADAPTABILIDADE, SANIDADE FOLIAR E QUALIDADE DE COLMO.<\/p>\n<div class=\"Overview_maturity-season-container__ZiGP_ MuiBox-root css-0\"><span id=\"maturity\" class=\"mdc-typography lmnt mdc-typography--body1 Overview_maturity-label__fZ8iz\">Grupo de Matura\u00e7\u00e3o:<\/span><span class=\"mdc-typography lmnt mdc-typography--body1 Overview_maturity-value__7pkWH\" aria-labelledby=\"maturity\">136<\/span><\/div>\n<div class=\"Overview_maturity-season-container__ZiGP_ MuiBox-root css-0\"><label id=\"season\" class=\"mdc-typography lmnt mdc-typography--body1 Overview_maturity-label__fZ8iz\">Safra: <\/label><span class=\"mdc-typography lmnt mdc-typography--body1 Overview_maturity-value__7pkWH\" aria-labelledby=\"season\">SAFRINHA TROPICAL TERRAS BAIXAS (BR)<\/span><\/div>\n<div><\/div>\n<div>Pontos fortes:<\/div>\n<div>\n<div class=\"MuiBox-root css-0\">\n<div class=\"IconBulletList_container__2fEEm undefined MuiBox-root css-0\">\n<div class=\"IconBulletList_list-item-wrap__TRuGR MuiBox-root css-0\"><span class=\"mdc-typography lmnt mdc-typography--body1 IconBulletList_bullet-icon__iyy82\">\u2022<\/span>Bom potencial produtivo com ampla adaptabilidade<\/div>\n<div class=\"IconBulletList_list-item-wrap__TRuGR MuiBox-root css-0\"><span class=\"mdc-typography lmnt mdc-typography--body1 IconBulletList_bullet-icon__iyy82\">\u2022<\/span>Sanidade foliar<\/div>\n<div class=\"IconBulletList_list-item-wrap__TRuGR MuiBox-root css-0\"><span class=\"mdc-typography lmnt mdc-typography--body1 IconBulletList_bullet-icon__iyy82\">\u2022<\/span>Qualidade de colmo<\/div>\n<div class=\"IconBulletList_list-item-wrap__TRuGR MuiBox-root css-0\"><span class=\"mdc-typography lmnt mdc-typography--body1 IconBulletList_bullet-icon__iyy82\">\u2022<\/span>Flexibilidade para janela de semeadura<\/div>\n<\/div>\n<div>\n<div class=\"lmnt-expansion-panel__trigger\" tabindex=\"0\" role=\"menuitem\">\n<div><\/div>\n<div class=\"MuiBox-root css-fbm3l8\"><span class=\"mdc-typography lmnt mdc-typography--body1 mdc-typography--body1-bold\">Caracter\u00edsticas Agron\u00f4micas: <\/span><span class=\"mdc-typography lmnt mdc-typography--body1 mdc-theme--text-primary-on-light\">(Nome Do Corte + 11)<\/span><\/div>\n<\/div>\n<div class=\"lmnt-expansion-panel__content\">\n<div class=\"lmnt-expansion-panel__content-inner\">\n<div class=\"lmnt lmnt-padding lmnt-padding--standard\">\n<div class=\"CharacteristicGrid_molecule--characteristic-grid__FHAUB\">\n<div class=\"Characteristic_molecule--characteristic__cG1cv\"><span class=\"mdc-typography lmnt mdc-typography--body1 mdc-typography--body1-bold Characteristic_characteristic-value__xN6QF\">CORN: <\/span><span class=\"mdc-typography lmnt mdc-typography--body1 Characteristic_characteristic-name__mdGKG\">Nome Do Corte<\/span><\/div>\n<div class=\"Characteristic_molecule--characteristic__cG1cv\"><span class=\"mdc-typography lmnt mdc-typography--body1 mdc-typography--body1-bold Characteristic_characteristic-value__xN6QF\">52: <\/span><span class=\"mdc-typography lmnt mdc-typography--body1 Characteristic_characteristic-name__mdGKG\">Flora\u00e7\u00e3o Feminina<\/span><\/div>\n<div class=\"Characteristic_molecule--characteristic__cG1cv\"><span class=\"mdc-typography lmnt mdc-typography--body1 mdc-typography--body1-bold Characteristic_characteristic-value__xN6QF\">53: <\/span><span class=\"mdc-typography lmnt mdc-typography--body1 Characteristic_characteristic-name__mdGKG\">Flora\u00e7\u00e3o Masculina<\/span><\/div>\n<div class=\"Characteristic_molecule--characteristic__cG1cv\"><span class=\"mdc-typography lmnt mdc-typography--body1 mdc-typography--body1-bold Characteristic_characteristic-value__xN6QF\">Semi Duro: <\/span><span class=\"mdc-typography lmnt mdc-typography--body1 Characteristic_characteristic-name__mdGKG\">Tipo De Gr\u00e3o<\/span><\/div>\n<div class=\"Characteristic_molecule--characteristic__cG1cv\"><span class=\"mdc-typography lmnt mdc-typography--body1 mdc-typography--body1-bold Characteristic_characteristic-value__xN6QF\">382: <\/span><span class=\"mdc-typography lmnt mdc-typography--body1 Characteristic_characteristic-name__mdGKG\">Peso De 1000 Gr\u00e3os<\/span><\/div>\n<div class=\"Characteristic_molecule--characteristic__cG1cv\"><span class=\"mdc-typography lmnt mdc-typography--body1 mdc-typography--body1-bold Characteristic_characteristic-value__xN6QF\">Semi Ereta: <\/span><span class=\"mdc-typography lmnt mdc-typography--body1 Characteristic_characteristic-name__mdGKG\">Arquitetura Foliar<\/span><\/div>\n<div class=\"Characteristic_molecule--characteristic__cG1cv\"><span class=\"mdc-typography lmnt mdc-typography--body1 mdc-typography--body1-bold Characteristic_characteristic-value__xN6QF\">Amarelo Alaranjado: <\/span><span class=\"mdc-typography lmnt mdc-typography--body1 Characteristic_characteristic-name__mdGKG\">Cor Do Gr\u00e3o<\/span><\/div>\n<div class=\"Characteristic_molecule--characteristic__cG1cv\"><span class=\"mdc-typography lmnt mdc-typography--body1 mdc-typography--body1-bold Characteristic_characteristic-value__xN6QF\">136: <\/span><span class=\"mdc-typography lmnt mdc-typography--body1 Characteristic_characteristic-name__mdGKG\">Maturidade Relativa<\/span><\/div>\n<div class=\"Characteristic_molecule--characteristic__cG1cv\"><span class=\"mdc-typography lmnt mdc-typography--body1 mdc-typography--body1-bold Characteristic_characteristic-value__xN6QF\">789: <\/span><span class=\"mdc-typography lmnt mdc-typography--body1 Characteristic_characteristic-name__mdGKG\">Emerg\u00eancia Gdu Para Flora\u00e7\u00e3o<\/span><\/div>\n<div class=\"Characteristic_molecule--characteristic__cG1cv\"><span class=\"mdc-typography lmnt mdc-typography--body1 mdc-typography--body1-bold Characteristic_characteristic-value__xN6QF\">229: <\/span><span class=\"mdc-typography lmnt mdc-typography--body1 Characteristic_characteristic-name__mdGKG\">Altura Da Planta (Cm)<\/span><\/div>\n<div class=\"Characteristic_molecule--characteristic__cG1cv\"><span class=\"mdc-typography lmnt mdc-typography--body1 mdc-typography--body1-bold Characteristic_characteristic-value__xN6QF\">106: <\/span><span class=\"mdc-typography lmnt mdc-typography--body1 Characteristic_characteristic-name__mdGKG\">Altura De Inser\u00e7\u00e3o Do Espig\u00e3o (Cm)<\/span><\/div>\n<div class=\"Characteristic_molecule--characteristic__cG1cv\"><span class=\"mdc-typography lmnt mdc-typography--body1 mdc-typography--body1-bold Characteristic_characteristic-value__xN6QF\">Safrinha Tropical Terras Altas (BR),Safrinha Tropical Terras Baixas (BR): <\/span><span class=\"mdc-typography lmnt mdc-typography--body1 Characteristic_characteristic-name__mdGKG\">Regi\u00e3o Recomendada<\/span><\/div>\n<\/div>\n<\/div>\n<\/div>\n<\/div>\n<\/div>\n<\/div>\n<\/div>\n","protected":false},"excerpt":{"rendered":"<p>BOM POTENCIAL PRODUTIVO COM AMPLA ADAPTABILIDADE, SANIDADE FOLIAR E QUALIDADE DE COLMO. Grupo de Matura\u00e7\u00e3o:136 Safra: SAFRINHA TROPICAL TERRAS BAIXAS (BR) Pontos fortes: \u2022Bom potencial produtivo com ampla adaptabilidade \u2022Sanidade foliar \u2022Qualidade de colmo \u2022Flexibilidade para janela de semeadura Caracter\u00edsticas Agron\u00f4micas: (Nome Do Corte + 11) CORN: Nome Do Corte 52: Flora\u00e7\u00e3o Feminina 53: Flora\u00e7\u00e3o [&hellip;]<\/p>\n","protected":false},"featured_media":671,"comment_status":"open","ping_status":"closed","template":"","meta":[],"product_brand":[],"product_cat":[28],"product_tag":[],"class_list":{"0":"post-682","1":"product","2":"type-product","3":"status-publish","4":"has-post-thumbnail","6":"product_cat-dekalb","8":"first","9":"instock","10":"shipping-taxable","11":"product-type-simple"},"_links":{"self":[{"href":"https:\/\/campoagroto.com.br\/index.php\/wp-json\/wp\/v2\/product\/682","targetHints":{"allow":["GET"]}}],"collection":[{"href":"https:\/\/campoagroto.com.br\/index.php\/wp-json\/wp\/v2\/product"}],"about":[{"href":"https:\/\/campoagroto.com.br\/index.php\/wp-json\/wp\/v2\/types\/product"}],"replies":[{"embeddable":true,"href":"https:\/\/campoagroto.com.br\/index.php\/wp-json\/wp\/v2\/comments?post=682"}],"wp:featuredmedia":[{"embeddable":true,"href":"https:\/\/campoagroto.com.br\/index.php\/wp-json\/wp\/v2\/media\/671"}],"wp:attachment":[{"href":"https:\/\/campoagroto.com.br\/index.php\/wp-json\/wp\/v2\/media?parent=682"}],"wp:term":[{"taxonomy":"product_brand","embeddable":true,"href":"https:\/\/campoagroto.com.br\/index.php\/wp-json\/wp\/v2\/product_brand?post=682"},{"taxonomy":"product_cat","embeddable":true,"href":"https:\/\/campoagroto.com.br\/index.php\/wp-json\/wp\/v2\/product_cat?post=682"},{"taxonomy":"product_tag","embeddable":true,"href":"https:\/\/campoagroto.com.br\/index.php\/wp-json\/wp\/v2\/product_tag?post=682"}],"curies":[{"name":"wp","href":"https:\/\/api.w.org\/{rel}","templated":true}]}}