{"id":683,"date":"2024-02-29T15:21:41","date_gmt":"2024-02-29T18:21:41","guid":{"rendered":"https:\/\/agenciacnw.com.br\/site7\/?post_type=product&#038;p=683"},"modified":"2024-02-29T15:21:41","modified_gmt":"2024-02-29T18:21:41","slug":"dkb-356-pro4","status":"publish","type":"product","link":"https:\/\/campoagroto.com.br\/index.php\/produto\/dkb-356-pro4\/","title":{"rendered":"DKB 356 PRO4"},"content":{"rendered":"<p>ALTA PRODUTIVIDADE ALIADA A UMA \u00d3TIMA SANIDADE.<\/p>\n<div class=\"Overview_maturity-season-container__ZiGP_ MuiBox-root css-0\"><span id=\"maturity\" class=\"mdc-typography lmnt mdc-typography--body1 Overview_maturity-label__fZ8iz\">Grupo de Matura\u00e7\u00e3o:<\/span><span class=\"mdc-typography lmnt mdc-typography--body1 Overview_maturity-value__7pkWH\" aria-labelledby=\"maturity\">136<\/span><\/div>\n<div class=\"Overview_maturity-season-container__ZiGP_ MuiBox-root css-0\"><span class=\"mdc-typography lmnt mdc-typography--body1 Overview_maturity-value__7pkWH\" aria-labelledby=\"season\">Safra: VER\u00c3O TROPICAL (BR)<\/span><\/div>\n<div><\/div>\n<div>Pontos fortes:<\/div>\n<div>\n<div class=\"MuiBox-root css-0\">\n<div class=\"IconBulletList_container__2fEEm undefined MuiBox-root css-0\">\n<div class=\"IconBulletList_list-item-wrap__TRuGR MuiBox-root css-0\"><span class=\"mdc-typography lmnt mdc-typography--body1 IconBulletList_bullet-icon__iyy82\">\u2022<\/span>Potencial produtivo associado a estabilidade em todos os ambientes de produ\u00e7\u00e3o, principalmente nos ambientes de m\u00e9dio-alto potencial<\/div>\n<div class=\"IconBulletList_list-item-wrap__TRuGR MuiBox-root css-0\"><span class=\"mdc-typography lmnt mdc-typography--body1 IconBulletList_bullet-icon__iyy82\">\u2022<\/span>Toler\u00e2ncia moderada a complexo de enfezamento<\/div>\n<div class=\"IconBulletList_list-item-wrap__TRuGR MuiBox-root css-0\"><span class=\"mdc-typography lmnt mdc-typography--body1 IconBulletList_bullet-icon__iyy82\">\u2022<\/span>Boa sanidade foliar<\/div>\n<div class=\"IconBulletList_list-item-wrap__TRuGR MuiBox-root css-0\"><span class=\"mdc-typography lmnt mdc-typography--body1 IconBulletList_bullet-icon__iyy82\">\u2022<\/span>Tecnologia PRO4<\/div>\n<\/div>\n<div>\n<div><\/div>\n<div class=\"Characteristic_molecule--characteristic__cG1cv\"><span class=\"mdc-typography lmnt mdc-typography--body1 mdc-typography--body1-bold Characteristic_characteristic-value__xN6QF\">CORN: <\/span><span class=\"mdc-typography lmnt mdc-typography--body1 Characteristic_characteristic-name__mdGKG\">Nome Do Corte<\/span><\/div>\n<div class=\"Characteristic_molecule--characteristic__cG1cv\"><span class=\"mdc-typography lmnt mdc-typography--body1 mdc-typography--body1-bold Characteristic_characteristic-value__xN6QF\">Dentado: <\/span><span class=\"mdc-typography lmnt mdc-typography--body1 Characteristic_characteristic-name__mdGKG\">Tipo De Gr\u00e3o<\/span><\/div>\n<div class=\"Characteristic_molecule--characteristic__cG1cv\"><span class=\"mdc-typography lmnt mdc-typography--body1 mdc-typography--body1-bold Characteristic_characteristic-value__xN6QF\">Recurvada: <\/span><span class=\"mdc-typography lmnt mdc-typography--body1 Characteristic_characteristic-name__mdGKG\">Arquitetura Foliar<\/span><\/div>\n<div class=\"Characteristic_molecule--characteristic__cG1cv\"><span class=\"mdc-typography lmnt mdc-typography--body1 mdc-typography--body1-bold Characteristic_characteristic-value__xN6QF\">Amarelo: <\/span><span class=\"mdc-typography lmnt mdc-typography--body1 Characteristic_characteristic-name__mdGKG\">Cor Do Gr\u00e3o<\/span><\/div>\n<div class=\"Characteristic_molecule--characteristic__cG1cv\"><span class=\"mdc-typography lmnt mdc-typography--body1 mdc-typography--body1-bold Characteristic_characteristic-value__xN6QF\">Alto: <\/span><span class=\"mdc-typography lmnt mdc-typography--body1 Characteristic_characteristic-name__mdGKG\">Empalhamento<\/span><\/div>\n<div class=\"Characteristic_molecule--characteristic__cG1cv\"><span class=\"mdc-typography lmnt mdc-typography--body1 mdc-typography--body1-bold Characteristic_characteristic-value__xN6QF\">Ver\u00e3o Tropical (BR): <\/span><span class=\"mdc-typography lmnt mdc-typography--body1 Characteristic_characteristic-name__mdGKG\">Regi\u00e3o Recomendada<\/span><\/div>\n<div class=\"Characteristic_molecule--characteristic__cG1cv\"><span class=\"mdc-typography lmnt mdc-typography--body1 mdc-typography--body1-bold Characteristic_characteristic-value__xN6QF\">272: <\/span><span class=\"mdc-typography lmnt mdc-typography--body1 Characteristic_characteristic-name__mdGKG\">Altura Da Planta (Cm)<\/span><\/div>\n<div class=\"Characteristic_molecule--characteristic__cG1cv\"><span class=\"mdc-typography lmnt mdc-typography--body1 mdc-typography--body1-bold Characteristic_characteristic-value__xN6QF\">145: <\/span><span class=\"mdc-typography lmnt mdc-typography--body1 Characteristic_characteristic-name__mdGKG\">Altura De Inser\u00e7\u00e3o Do Espig\u00e3o (Cm)<\/span><\/div>\n<div class=\"Characteristic_molecule--characteristic__cG1cv\"><span class=\"mdc-typography lmnt mdc-typography--body1 mdc-typography--body1-bold Characteristic_characteristic-value__xN6QF\">840: <\/span><span class=\"mdc-typography lmnt mdc-typography--body1 Characteristic_characteristic-name__mdGKG\">Emerg\u00eancia Gdu Para Flora\u00e7\u00e3o<\/span><\/div>\n<div class=\"Characteristic_molecule--characteristic__cG1cv\"><span class=\"mdc-typography lmnt mdc-typography--body1 mdc-typography--body1-bold Characteristic_characteristic-value__xN6QF\">64: <\/span><span class=\"mdc-typography lmnt mdc-typography--body1 Characteristic_characteristic-name__mdGKG\">Flora\u00e7\u00e3o Feminina<\/span><\/div>\n<div class=\"Characteristic_molecule--characteristic__cG1cv\"><span class=\"mdc-typography lmnt mdc-typography--body1 mdc-typography--body1-bold Characteristic_characteristic-value__xN6QF\">64: <\/span><span class=\"mdc-typography lmnt mdc-typography--body1 Characteristic_characteristic-name__mdGKG\">Flora\u00e7\u00e3o Masculina<\/span><\/div>\n<div class=\"Characteristic_molecule--characteristic__cG1cv\"><span class=\"mdc-typography lmnt mdc-typography--body1 mdc-typography--body1-bold Characteristic_characteristic-value__xN6QF\">136: <\/span><span class=\"mdc-typography lmnt mdc-typography--body1 Characteristic_characteristic-name__mdGKG\">Maturidade Relativa<\/span><\/div>\n<div class=\"Characteristic_molecule--characteristic__cG1cv\"><span class=\"mdc-typography lmnt mdc-typography--body1 mdc-typography--body1-bold Characteristic_characteristic-value__xN6QF\">377: <\/span><span class=\"mdc-typography lmnt mdc-typography--body1 Characteristic_characteristic-name__mdGKG\">Peso De 1000 Gr\u00e3os<\/span><\/div>\n<\/div>\n<\/div>\n<\/div>\n","protected":false},"excerpt":{"rendered":"<p>ALTA PRODUTIVIDADE ALIADA A UMA \u00d3TIMA SANIDADE. Grupo de Matura\u00e7\u00e3o:136 Safra: VER\u00c3O TROPICAL (BR) Pontos fortes: \u2022Potencial produtivo associado a estabilidade em todos os ambientes de produ\u00e7\u00e3o, principalmente nos ambientes de m\u00e9dio-alto potencial \u2022Toler\u00e2ncia moderada a complexo de enfezamento \u2022Boa sanidade foliar \u2022Tecnologia PRO4 CORN: Nome Do Corte Dentado: Tipo De Gr\u00e3o Recurvada: Arquitetura Foliar [&hellip;]<\/p>\n","protected":false},"featured_media":684,"comment_status":"open","ping_status":"closed","template":"","meta":[],"product_brand":[],"product_cat":[28],"product_tag":[],"class_list":{"0":"post-683","1":"product","2":"type-product","3":"status-publish","4":"has-post-thumbnail","6":"product_cat-dekalb","8":"first","9":"instock","10":"shipping-taxable","11":"product-type-simple"},"_links":{"self":[{"href":"https:\/\/campoagroto.com.br\/index.php\/wp-json\/wp\/v2\/product\/683","targetHints":{"allow":["GET"]}}],"collection":[{"href":"https:\/\/campoagroto.com.br\/index.php\/wp-json\/wp\/v2\/product"}],"about":[{"href":"https:\/\/campoagroto.com.br\/index.php\/wp-json\/wp\/v2\/types\/product"}],"replies":[{"embeddable":true,"href":"https:\/\/campoagroto.com.br\/index.php\/wp-json\/wp\/v2\/comments?post=683"}],"wp:featuredmedia":[{"embeddable":true,"href":"https:\/\/campoagroto.com.br\/index.php\/wp-json\/wp\/v2\/media\/684"}],"wp:attachment":[{"href":"https:\/\/campoagroto.com.br\/index.php\/wp-json\/wp\/v2\/media?parent=683"}],"wp:term":[{"taxonomy":"product_brand","embeddable":true,"href":"https:\/\/campoagroto.com.br\/index.php\/wp-json\/wp\/v2\/product_brand?post=683"},{"taxonomy":"product_cat","embeddable":true,"href":"https:\/\/campoagroto.com.br\/index.php\/wp-json\/wp\/v2\/product_cat?post=683"},{"taxonomy":"product_tag","embeddable":true,"href":"https:\/\/campoagroto.com.br\/index.php\/wp-json\/wp\/v2\/product_tag?post=683"}],"curies":[{"name":"wp","href":"https:\/\/api.w.org\/{rel}","templated":true}]}}