{"id":744,"date":"2024-03-04T16:14:26","date_gmt":"2024-03-04T19:14:26","guid":{"rendered":"https:\/\/campoagroto.com.br\/?post_type=product&#038;p=744"},"modified":"2024-03-04T16:14:26","modified_gmt":"2024-03-04T19:14:26","slug":"dkb-177-tre","status":"publish","type":"product","link":"https:\/\/campoagroto.com.br\/index.php\/produto\/dkb-177-tre\/","title":{"rendered":"DKB 177 TRE"},"content":{"rendered":"<ul class=\"ProductCardLayout_product-card-description-list__eQlkA\">\n<li>Potencial produtivo com boa resposta ao uso de tecnologia<\/li>\n<li>Excelente sanidade de gr\u00e3os, boa textura e colora\u00e7\u00e3o.<\/li>\n<li>Excelente arranque e desenvolvimento inicial<\/li>\n<\/ul>\n","protected":false},"excerpt":{"rendered":"<p>Potencial produtivo com boa resposta ao uso de tecnologia Excelente sanidade de gr\u00e3os, boa textura e colora\u00e7\u00e3o. Excelente arranque e desenvolvimento inicial<\/p>\n","protected":false},"featured_media":745,"comment_status":"open","ping_status":"closed","template":"","meta":[],"product_brand":[],"product_cat":[28],"product_tag":[],"class_list":{"0":"post-744","1":"product","2":"type-product","3":"status-publish","4":"has-post-thumbnail","6":"product_cat-dekalb","8":"first","9":"instock","10":"shipping-taxable","11":"product-type-simple"},"_links":{"self":[{"href":"https:\/\/campoagroto.com.br\/index.php\/wp-json\/wp\/v2\/product\/744","targetHints":{"allow":["GET"]}}],"collection":[{"href":"https:\/\/campoagroto.com.br\/index.php\/wp-json\/wp\/v2\/product"}],"about":[{"href":"https:\/\/campoagroto.com.br\/index.php\/wp-json\/wp\/v2\/types\/product"}],"replies":[{"embeddable":true,"href":"https:\/\/campoagroto.com.br\/index.php\/wp-json\/wp\/v2\/comments?post=744"}],"wp:featuredmedia":[{"embeddable":true,"href":"https:\/\/campoagroto.com.br\/index.php\/wp-json\/wp\/v2\/media\/745"}],"wp:attachment":[{"href":"https:\/\/campoagroto.com.br\/index.php\/wp-json\/wp\/v2\/media?parent=744"}],"wp:term":[{"taxonomy":"product_brand","embeddable":true,"href":"https:\/\/campoagroto.com.br\/index.php\/wp-json\/wp\/v2\/product_brand?post=744"},{"taxonomy":"product_cat","embeddable":true,"href":"https:\/\/campoagroto.com.br\/index.php\/wp-json\/wp\/v2\/product_cat?post=744"},{"taxonomy":"product_tag","embeddable":true,"href":"https:\/\/campoagroto.com.br\/index.php\/wp-json\/wp\/v2\/product_tag?post=744"}],"curies":[{"name":"wp","href":"https:\/\/api.w.org\/{rel}","templated":true}]}}